{"id":1290,"date":"2026-01-27T13:24:50","date_gmt":"2026-01-27T12:24:50","guid":{"rendered":"https:\/\/dagiovanni.hu\/hu\/product\/\/"},"modified":"2026-01-27T13:27:21","modified_gmt":"2026-01-27T12:27:21","slug":"szendvicsek","status":"publish","type":"product","link":"https:\/\/dagiovanni.hu\/en\/product\/szendvicsek\/","title":{"rendered":"Sandwiches"},"content":{"rendered":"<div class=\"wpb-content-wrapper\"><p>[vc_row][vc_column][vc_column_text css=&#8221;&#8221; content_en_us=&#8221;ZGFpbHklMjBjaGFuZ2luZyUyMHNlbGVjdGlvbg==&#8221; content_it_it=&#8221;b2ZmZXJ0YSUyMGNoZSUyMGNhbWJpYSUyMG9nbmklMjBnaW9ybm8=&#8221;]naponta v\u00e1ltoz\u00f3 k\u00edn\u00e1lat[\/vc_column_text][\/vc_column][\/vc_row]<\/p>\n<\/div>","protected":false},"excerpt":{"rendered":"<p>daily changing selection<\/p>\n","protected":false},"featured_media":165,"template":"","meta":{"inline_featured_image":false},"product_brand":[],"product_cat":[18],"product_tag":[31],"class_list":{"0":"post-1290","1":"product","2":"type-product","3":"status-publish","4":"has-post-thumbnail","6":"product_cat-ujdonsagaink","7":"product_tag-pizza","9":"first","10":"instock","11":"shipping-taxable","12":"purchasable","13":"product-type-simple","14":"customify-col"},"_links":{"self":[{"href":"https:\/\/dagiovanni.hu\/en\/wp-json\/wp\/v2\/product\/1290","targetHints":{"allow":["GET"]}}],"collection":[{"href":"https:\/\/dagiovanni.hu\/en\/wp-json\/wp\/v2\/product"}],"about":[{"href":"https:\/\/dagiovanni.hu\/en\/wp-json\/wp\/v2\/types\/product"}],"wp:featuredmedia":[{"embeddable":true,"href":"https:\/\/dagiovanni.hu\/en\/wp-json\/wp\/v2\/media\/165"}],"wp:attachment":[{"href":"https:\/\/dagiovanni.hu\/en\/wp-json\/wp\/v2\/media?parent=1290"}],"wp:term":[{"taxonomy":"product_brand","embeddable":true,"href":"https:\/\/dagiovanni.hu\/en\/wp-json\/wp\/v2\/product_brand?post=1290"},{"taxonomy":"product_cat","embeddable":true,"href":"https:\/\/dagiovanni.hu\/en\/wp-json\/wp\/v2\/product_cat?post=1290"},{"taxonomy":"product_tag","embeddable":true,"href":"https:\/\/dagiovanni.hu\/en\/wp-json\/wp\/v2\/product_tag?post=1290"}],"curies":[{"name":"wp","href":"https:\/\/api.w.org\/{rel}","templated":true}]}}