{"id":1295,"date":"2026-01-27T13:40:17","date_gmt":"2026-01-27T12:40:17","guid":{"rendered":"https:\/\/dagiovanni.hu\/hu\/product\/\/"},"modified":"2026-01-27T13:41:11","modified_gmt":"2026-01-27T12:41:11","slug":"classica-baguette","status":"publish","type":"product","link":"https:\/\/dagiovanni.hu\/en\/product\/classica-baguette\/","title":{"rendered":"Classica Baguette"},"content":{"rendered":"<div class=\"wpb-content-wrapper\"><p>[vc_row][vc_column][vc_column_text css=&#8221;&#8221; content_en_us=&#8221;YXJ1Z3VsYSUyQyUyMGNoZXJyeSUyMHRvbWF0b2VzJTJDJTIwUGFybWVzYW4lMjBjaGVlc2UlMkMlMjBwaXp6YSUyMHNhdWNlJTJDJTIwbW96emFyZWxsYSUyMGNoZWVzZSUyQyUyMG11c2hyb29tcyUyQyUyMGJyaWUlMjBjaGVlc2UlMkMlMjBwb3JjaGV0dGE=&#8221; content_it_it=&#8221;cnVjb2xhJTJDJTIwcG9tb2RvcmluaSUyQyUyMHBhcm1pZ2lhbm8lMkMlMjBzYWxzYSUyMHBlciUyMHBpenphJTJDJTIwbW96emFyZWxsYSUyQyUyMG1venphcmVsbGElMkMlMjBmdW5naGklMkMlMjBmb3JtYWdnaW8lMjBicmllJTJDJTIwcG9yY2hldHRh&#8221;]rukkola, kokt\u00e9lparadicsom, parmez\u00e1n, pizzasz\u00f3sz, mozzarella, mozzarella, gomba, brie sajt, porchetta[\/vc_column_text][\/vc_column][\/vc_row]<\/p>\n<\/div>","protected":false},"excerpt":{"rendered":"<p>arugula, cherry tomatoes, Parmesan cheese, pizza sauce, mozzarella cheese, mushrooms, brie cheese, porchetta<\/p>\n","protected":false},"featured_media":165,"template":"","meta":{"inline_featured_image":false},"product_brand":[],"product_cat":[18],"product_tag":[31],"class_list":{"0":"post-1295","1":"product","2":"type-product","3":"status-publish","4":"has-post-thumbnail","6":"product_cat-ujdonsagaink","7":"product_tag-pizza","9":"first","10":"instock","11":"shipping-taxable","12":"purchasable","13":"product-type-simple","14":"customify-col"},"_links":{"self":[{"href":"https:\/\/dagiovanni.hu\/en\/wp-json\/wp\/v2\/product\/1295","targetHints":{"allow":["GET"]}}],"collection":[{"href":"https:\/\/dagiovanni.hu\/en\/wp-json\/wp\/v2\/product"}],"about":[{"href":"https:\/\/dagiovanni.hu\/en\/wp-json\/wp\/v2\/types\/product"}],"wp:featuredmedia":[{"embeddable":true,"href":"https:\/\/dagiovanni.hu\/en\/wp-json\/wp\/v2\/media\/165"}],"wp:attachment":[{"href":"https:\/\/dagiovanni.hu\/en\/wp-json\/wp\/v2\/media?parent=1295"}],"wp:term":[{"taxonomy":"product_brand","embeddable":true,"href":"https:\/\/dagiovanni.hu\/en\/wp-json\/wp\/v2\/product_brand?post=1295"},{"taxonomy":"product_cat","embeddable":true,"href":"https:\/\/dagiovanni.hu\/en\/wp-json\/wp\/v2\/product_cat?post=1295"},{"taxonomy":"product_tag","embeddable":true,"href":"https:\/\/dagiovanni.hu\/en\/wp-json\/wp\/v2\/product_tag?post=1295"}],"curies":[{"name":"wp","href":"https:\/\/api.w.org\/{rel}","templated":true}]}}