{"id":442,"date":"2023-12-07T16:12:03","date_gmt":"2023-12-07T15:12:03","guid":{"rendered":"https:\/\/dagiovanni.stemma.hu\/?page_id=442"},"modified":"2026-02-16T14:17:46","modified_gmt":"2026-02-16T13:17:46","slug":"kapcsolat","status":"publish","type":"page","link":"https:\/\/dagiovanni.hu\/hu\/kapcsolat\/","title":{"rendered":"Kapcsolat"},"content":{"rendered":"<div class=\"wpb-content-wrapper\"><p>[vc_row][vc_column][vc_custom_heading text=&#8221;Kapcsolat&#8221; font_container=&#8221;tag:h1|font_size:2.2em|text_align:center|color:%23000000|line_height:1em&#8221; google_fonts=&#8221;font_family:Montserrat%3Aregular%2C700|font_style:700%20bold%20regular%3A700%3Anormal&#8221;][\/vc_column][\/vc_row][vc_row][vc_column][vc_column_text css=&#8221;&#8221;]<\/p>\n<p style=\"text-align: center;\">Rendeld meg telefonon k\u00edv\u00e1nt \u00e9teledet, \u00e9s mi gondoskodunk arr\u00f3l, hogy a megadott id\u0151pontra elk\u00e9sz\u00fclj\u00f6n sz\u00e1modra.<\/p>\n<p style=\"text-align: center;\"><a href=\"https:\/\/dagiovanni.hu\/\">K\u00edn\u00e1latunkat itt tal\u00e1lod.<\/a><\/p>\n<h3 class=\"telszam\"><a href=\"tel:+36202432319\">06 20 243 2319<\/a><\/h3>\n<h5 style=\"text-align: center;\">Budapest, 1117 Karinthy Frigyes \u00fat 22. | <strong>Nyitva <\/strong>H\u00e9tf\u0151-Vas\u00e1rnap: 11:00\u201323:00<\/h5>\n<p style=\"text-align: center;\"><strong>A k\u00e9sz \u00e9telt szem\u00e9lyesen \u00e1tveheted \u00e9tterm\u00fcnkben, vagy ak\u00e1r a helysz\u00ednen is elfogyaszthatod.<\/strong><\/p>\n<p>[\/vc_column_text][\/vc_column][\/vc_row][vc_row][vc_column width=&#8221;1\/2&#8243;][vc_raw_html]JTNDaWZyYW1lJTIwc3R5bGUlM0QlMjJib3JkZXIlM0ElMjAwJTNCJTIyJTIwc3JjJTNEJTIyaHR0cHMlM0ElMkYlMkZ3d3cuZ29vZ2xlLmNvbSUyRm1hcHMlMkZlbWJlZCUzRnBiJTNEJTIxMW0xOCUyMTFtMTIlMjExbTMlMjExZDI2OTYuNjc4MjI0MDMyNjkyJTIxMmQxOS4wNTE2NjMxNzc5MDk4NiUyMTNkNDcuNDc2Njk5NTYzNzk3MDElMjEybTMlMjExZjAlMjEyZjAlMjEzZjAlMjEzbTIlMjExaTEwMjQlMjEyaTc2OCUyMTRmMTMuMSUyMTNtMyUyMTFtMiUyMTFzMHg0NzQxZGRhZDcwMzQ2YjczJTI1M0EweDM0N2VhZTM3Y2E2MjEzMWQlMjEyc0J1ZGFwZXN0JTI1MkMlMkJLYXJpbnRoeSUyQkZyaWd5ZXMlMkIlMjVDMyUyNUJBdCUyQjIyJTI1MkMlMkIxMTExJTIxNWUwJTIxM20yJTIxMXNodSUyMTJzaHUlMjE0djE1NjQ4NDc2ODA5OTMlMjE1bTIlMjExc2h1JTIxMnNodSUyMiUyMHdpZHRoJTNEJTIyMTAwJTI1JTIyJTIwaGVpZ2h0JTNEJTIyNjAwJTIyJTIwZnJhbWVib3JkZXIlM0QlMjIwJTIyJTIwYWxsb3dmdWxsc2NyZWVuJTNEJTIyYWxsb3dmdWxsc2NyZWVuJTIyJTNFJTNDJTJGaWZyYW1lJTNF[\/vc_raw_html][\/vc_column][vc_column width=&#8221;1\/2&#8243;][vc_raw_html]JTNDaWZyYW1lJTIwc3R5bGUlM0QlMjJib3JkZXIlM0ElMjAwJTNCJTIyJTIwc3JjJTNEJTIyaHR0cHMlM0ElMkYlMkZ3d3cuZ29vZ2xlLmNvbSUyRm1hcHMlMkZlbWJlZCUzRnBiJTNEJTIxNHYxNTY0ODQ3NDgxNDQ1JTIxNm04JTIxMW03JTIxMXNDQW9TTEVGR01WRnBjRTFxY1VjMU5rUnlhR3hMU2pOME1rcEROVWhVTjBodldrSlhjMUYxTldSa2IwbFRVa0UwJTIxMm0yJTIxMWQ0Ny40NzY2OTk1NjM3OTcwMSUyMTJkMTkuMDUxNjYzMTc3OTA5ODYlMjEzZjkuNTk4OTgwNTIwMDUzMDc5JTIxNGYtMjAuODU1NzY1ODUxMTI2MzIlMjE1ZjAuNzgyMDg2NTk3NDYyNzQ2OSUyMiUyMHdpZHRoJTNEJTIyMTAwJTI1JTIyJTIwaGVpZ2h0JTNEJTIyNjAwJTIyJTIwZnJhbWVib3JkZXIlM0QlMjIwJTIyJTIwYWxsb3dmdWxsc2NyZWVuJTNEJTIyYWxsb3dmdWxsc2NyZWVuJTIyJTNFJTNDJTJGaWZyYW1lJTNF[\/vc_raw_html][\/vc_column][\/vc_row]<\/p>\n<\/div>","protected":false},"excerpt":{"rendered":"<p>[vc_row][vc_column][vc_custom_heading text=&#8221;Kapcsolat&#8221; font_container=&#8221;tag:h1|font_size:2.2em|text_align:center|color:%23000000|line_height:1em&#8221; google_fonts=&#8221;font_family:Montserrat%3Aregular%2C700|font_style:700%20bold%20regular%3A700%3Anormal&#8221;][\/vc_column][\/vc_row][vc_row][vc_column][vc_column_text css=&#8221;&#8221;] Rendeld meg telefonon k\u00edv\u00e1nt \u00e9teledet, \u00e9s mi gondoskodunk arr\u00f3l, hogy a megadott id\u0151pontra elk\u00e9sz\u00fclj\u00f6n sz\u00e1modra. K\u00edn\u00e1latunkat itt tal\u00e1lod. 06 20&hellip;<\/p>\n","protected":false},"author":1,"featured_media":0,"parent":0,"menu_order":0,"comment_status":"closed","ping_status":"closed","template":"","meta":{"inline_featured_image":false,"footnotes":""},"class_list":["post-442","page","type-page","status-publish","hentry"],"_links":{"self":[{"href":"https:\/\/dagiovanni.hu\/hu\/wp-json\/wp\/v2\/pages\/442","targetHints":{"allow":["GET"]}}],"collection":[{"href":"https:\/\/dagiovanni.hu\/hu\/wp-json\/wp\/v2\/pages"}],"about":[{"href":"https:\/\/dagiovanni.hu\/hu\/wp-json\/wp\/v2\/types\/page"}],"author":[{"embeddable":true,"href":"https:\/\/dagiovanni.hu\/hu\/wp-json\/wp\/v2\/users\/1"}],"replies":[{"embeddable":true,"href":"https:\/\/dagiovanni.hu\/hu\/wp-json\/wp\/v2\/comments?post=442"}],"version-history":[{"count":22,"href":"https:\/\/dagiovanni.hu\/hu\/wp-json\/wp\/v2\/pages\/442\/revisions"}],"predecessor-version":[{"id":1308,"href":"https:\/\/dagiovanni.hu\/hu\/wp-json\/wp\/v2\/pages\/442\/revisions\/1308"}],"wp:attachment":[{"href":"https:\/\/dagiovanni.hu\/hu\/wp-json\/wp\/v2\/media?parent=442"}],"curies":[{"name":"wp","href":"https:\/\/api.w.org\/{rel}","templated":true}]}}