{"id":562,"date":"2023-12-07T18:10:44","date_gmt":"2023-12-07T17:10:44","guid":{"rendered":"https:\/\/dagiovanni.stemma.hu\/?page_id=562"},"modified":"2026-01-26T14:58:15","modified_gmt":"2026-01-26T13:58:15","slug":"a-da-giovanni-pizzeria","status":"publish","type":"page","link":"https:\/\/dagiovanni.hu\/hu\/","title":{"rendered":"A Da Giovanni pizz\u00e9ria"},"content":{"rendered":"<div class=\"wpb-content-wrapper\"><p>[vc_row][vc_column el_class=&#8221;logo2&#8243;][vc_single_image image=&#8221;13&#8243; img_size=&#8221;full&#8221; alignment=&#8221;center&#8221; css=&#8221;.vc_custom_1702020369152{margin-top: 20px !important;padding-right: 10% !important;padding-left: 10% !important;}&#8221; el_class=&#8221;logo&#8221;][vc_custom_heading text=&#8221;Forr\u00f3 \u00e9s ropog\u00f3s olasz pizz\u00e1k,&#8221; font_container=&#8221;tag:h1|text_align:center|color:%23000000|line_height:1.1em&#8221; google_fonts=&#8221;font_family:Montserrat%3Aregular%2C700|font_style:700%20bold%20regular%3A700%3Anormal&#8221; css=&#8221;.vc_custom_1702020023187{margin-bottom: 4px !important;}&#8221;][vc_custom_heading text=&#8221;eredeti receptek alapj\u00e1n&#8221; font_container=&#8221;tag:h3|text_align:center|color:%23000000|line_height:1em&#8221; google_fonts=&#8221;font_family:Montserrat%3Aregular%2C700|font_style:700%20bold%20regular%3A700%3Anormal&#8221; css=&#8221;.vc_custom_1702019889720{margin-bottom: 30px !important;}&#8221;][\/vc_column][\/vc_row][vc_row equal_height=&#8221;yes&#8221; content_placement=&#8221;middle&#8221; css=&#8221;.vc_custom_1769435541272{padding-top: 20px !important;padding-right: 20px !important;padding-left: 20px !important;}&#8221;][vc_column width=&#8221;1\/2&#8243;][vc_single_image image=&#8221;1251&#8243; img_size=&#8221;full&#8221; alignment=&#8221;center&#8221; css=&#8221;&#8221;][\/vc_column][vc_column width=&#8221;1\/2&#8243;][vc_column_text]<\/p>\n<h4 style=\"line-height: 1.3em;\">Eredeti Olasz Pizzeria a XI. ker\u00fcletben<\/h4>\n<p style=\"line-height: 1.5em;\">A Da Giovanni olasz pizzeria Budapest XI. ker\u00fclet Karinthy Frigyes utc\u00e1j\u00e1ban v\u00e1rja minden kedves, min\u0151s\u00e9gi olasz pizz\u00e1ra \u00e9hes vend\u00e9g\u00e9t. Hamis\u00edtatlan \u00edzek, melyeket egyenesen Olaszorsz\u00e1gb\u00f3l hozott mag\u00e1val a vezet\u0151 pizza szak\u00e1cs. Minden eredeti, a pizza receptek \u00e9s a pizza alapanyagok is.<\/p>\n<p style=\"line-height: 1.5em;\">Aki egyszer megk\u00f3stolja az olasz pizzeria b\u00e1rmelyik pizz\u00e1j\u00e1t, r\u00f6gt\u00f6n \u00e1t\u00e9rzi majd a mediterr\u00e1n konyha hangulat\u00e1t. Igazi olasz prosciutto, mozzarella, \u00e9s sok m\u00e1s\u00a0pizza alapanyag\u00a0felhaszn\u00e1l\u00e1s\u00e1val k\u00e9sz\u00fclnek pizz\u00e1ink. Mintha csak N\u00e1poly kik\u00f6t\u0151je mellett, a naplemente alatt ropogtatn\u00e1nk a legfens\u00e9gesebb olasz pizz\u00e1kat.<\/p>\n<p>[\/vc_column_text][\/vc_column][\/vc_row][vc_row equal_height=&#8221;yes&#8221; content_placement=&#8221;middle&#8221; css=&#8221;.vc_custom_1769435522562{padding-right: 20px !important;padding-left: 20px !important;}&#8221;][vc_column width=&#8221;1\/2&#8243;][vc_column_text]<\/p>\n<h4 style=\"line-height: 1.3em;\">A Da Giovanni Olasz Pizzeria k\u00edn\u00e1lata: paradicsomos, tejsz\u00ednes, csukott \u00e9s t\u00f6lt\u00f6tt olasz pizz\u00e1k<\/h4>\n<p style=\"line-height: 1.5em;\">Egy olasz pizzeria konyh\u00e1j\u00e1ban, ak\u00e1r csak n\u00e1lunk a pizza k\u00e9sz\u00edt\u00e9s m\u0171v\u00e9szet. Mindennek van jelent\u0151s\u00e9ge, kezdve a kemence t\u00edpus\u00e1t\u00f3l, a pizzat\u00e9szta \u00f6sszetev\u0151it\u0151l \u00e9s azoknak ar\u00e1nyait\u00f3l, eg\u00e9szen a pizzasz\u00f3szig.<\/p>\n<p style=\"line-height: 1.5em;\">A pizzat\u00e9szta \u00e1llaga, majd megmunk\u00e1l\u00e1sa, ny\u00fajt\u00e1s technik\u00e1ja m\u00e1r meghat\u00e1rozza, hogy milyen pizz\u00e1t fogunk kapni. Ez az alapja mindennek. Erre ker\u00fcl r\u00e1 a paradicsomsz\u00f3sz, amelynek elk\u00e9sz\u00edt\u00e9s\u00e9hez friss paradicsomot haszn\u00e1lunk, \u00e9s megfelel\u0151en f\u0171szerezz\u00fck. A tejsz\u00ednes alapokhoz is megvan a Da Giovanni Pizzeria saj\u00e1t receptje.<\/p>\n<p style=\"line-height: 1.5em;\">A klasszikus pizzak\u00e9sz\u00edt\u00e9s mellett, pizz\u00e9ri\u00e1nkban kaphat\u00f3 a t\u00f6lt\u00f6tt- \u00e9s csukott pizza is, melyek szint\u00e9n mennyei \u00edzharm\u00f3ni\u00e1kat tartogatnak a pizz\u00e1k szerelmeseinek.<\/p>\n<p>[\/vc_column_text][\/vc_column][vc_column width=&#8221;1\/2&#8243;][vc_single_image image=&#8221;1248&#8243; img_size=&#8221;full&#8221; alignment=&#8221;center&#8221; css=&#8221;&#8221;][\/vc_column][\/vc_row][vc_row css=&#8221;.vc_custom_1769435511954{padding-right: 20px !important;padding-left: 20px !important;}&#8221;][vc_column width=&#8221;1\/4&#8243;][vc_single_image image=&#8221;1254&#8243; img_size=&#8221;full&#8221; alignment=&#8221;center&#8221; css=&#8221;&#8221;][\/vc_column][vc_column width=&#8221;1\/4&#8243;][vc_single_image image=&#8221;1253&#8243; img_size=&#8221;full&#8221; alignment=&#8221;center&#8221; css=&#8221;&#8221;][\/vc_column][vc_column width=&#8221;1\/4&#8243;][vc_single_image image=&#8221;1256&#8243; img_size=&#8221;full&#8221; alignment=&#8221;center&#8221; css=&#8221;&#8221;][\/vc_column][vc_column width=&#8221;1\/4&#8243;][vc_single_image image=&#8221;1255&#8243; img_size=&#8221;full&#8221; alignment=&#8221;center&#8221; css=&#8221;&#8221;][\/vc_column][\/vc_row][vc_row equal_height=&#8221;yes&#8221; content_placement=&#8221;middle&#8221; css=&#8221;.vc_custom_1769435837610{padding-right: 20px !important;padding-left: 20px !important;}&#8221;][vc_column width=&#8221;1\/2&#8243;][vc_single_image image=&#8221;593&#8243; img_size=&#8221;full&#8221; alignment=&#8221;center&#8221;][\/vc_column][vc_column width=&#8221;1\/2&#8243;][vc_column_text]<\/p>\n<h4 style=\"line-height: 1.3em;\">Olasz desszertek \u00e9s k\u00e1v\u00e9k<\/h4>\n<p style=\"line-height: 1.5em;\">Term\u00e9szetesen a Da Giovanni olasz pizzeria reperto\u00e1rj\u00e1r\u00f3l sem hi\u00e1nyozhatnak a kiv\u00e1l\u00f3 min\u0151s\u00e9g\u0171, sz\u00ednvonalas olasz desszertek. Ez\u00e9rt a k\u00e9t legismertebb finoms\u00e1got is b\u00e1rki megk\u00f3stolhatja, ha bet\u00e9r hozz\u00e1nk. Ez a Profiterol \u00e9s a Tiramisu.<\/p>\n<p style=\"line-height: 1.5em;\">A Profiterol eredetileg ugyan Franciaorsz\u00e1gb\u00f3l ered. M\u00e9gis ez a kicsit labdaform\u00e1j\u00fa, tejsz\u00ednhabbal, pudinggal, fagylalttal, csoki\u00f6ntettel d\u00edsz\u00edtett \u00e9des s\u00fctem\u00e9ny Gibralt\u00e1r egyik legfontosabb, mondhatni nemzeti eledele, \u00e9s \u00edgy mindenki Olaszorsz\u00e1ggal hozza egyb\u0151l \u00f6sszef\u00fcgg\u00e9sbe. \u00cdgy h\u00e1t Mi is, \u00e9s ez val\u00f3sz\u00edn\u0171leg \u00edgy is fog maradni az id\u0151k v\u00e9gezet\u00e9ig!<\/p>\n<p style=\"line-height: 1.5em;\">A Tiramisu k\u00f6r\u00fcl is vannak vit\u00e1k, de ezek mind\u00f6ssze azok, hogy Olaszorsz\u00e1g melyik tartom\u00e1ny\u00e1ban tal\u00e1lt\u00e1k ki. Ez \u00fagy ahogy van olasz m\u00e1r az \u201e\u0151skor\u201d \u00f3ta. Maga a sz\u00f3 is az olasz nyelvb\u0151l ered, amelynek jelent\u00e9se \u201eCs\u00edpj fel!\u201d. Jellegzetes k\u00e1v\u00e9 \u00edz\u0171 desszert. Cukorn\u00e1d, cukor, mascarpone sajt felhaszn\u00e1l\u00e1s\u00e1val \u00e9s kaka\u00f3 \u00edzes\u00edt\u00e9s\u00e9vel k\u00e9sz\u00fcl.<\/p>\n<p>[\/vc_column_text][\/vc_column][\/vc_row][vc_row css=&#8221;.vc_custom_1769435511954{padding-right: 20px !important;padding-left: 20px !important;}&#8221;][vc_column width=&#8221;1\/4&#8243;][vc_single_image image=&#8221;1267&#8243; img_size=&#8221;full&#8221; alignment=&#8221;center&#8221; css=&#8221;&#8221; el_falang_fake=&#8221;&#8221;][\/vc_column][vc_column width=&#8221;1\/4&#8243;][vc_single_image image=&#8221;1265&#8243; img_size=&#8221;full&#8221; alignment=&#8221;center&#8221; css=&#8221;&#8221; el_falang_fake=&#8221;&#8221;][\/vc_column][vc_column width=&#8221;1\/4&#8243;][vc_single_image image=&#8221;1264&#8243; img_size=&#8221;full&#8221; alignment=&#8221;center&#8221; css=&#8221;&#8221; el_falang_fake=&#8221;&#8221;][\/vc_column][vc_column width=&#8221;1\/4&#8243;][vc_single_image image=&#8221;1266&#8243; img_size=&#8221;full&#8221; alignment=&#8221;center&#8221; css=&#8221;&#8221; el_falang_fake=&#8221;&#8221;][\/vc_column][\/vc_row][vc_row][vc_column][vc_column_text]<\/p>\n<h4 style=\"text-align: center; line-height: 1.3em;\">L\u00e1togasson el pizzeriankba \u00e9s harapjon egy nagyot kedvenc pizz\u00e1j\u00e1ba!<\/h4>\n<p style=\"text-align: center; line-height: 1.5em;\">V\u00e1llaljuk c\u00e9ges vacsor\u00e1k lebonyol\u00edt\u00e1s\u00e1t meg\u00fajult \u00e9s kib\u0151v\u00fclt \u00e9tterm\u00fcnkben.<\/p>\n<p style=\"text-align: center; line-height: 1.5em;\">Gyerek sz\u00fclinapi rendezv\u00e9nyek, csal\u00e1di \u00e9s bar\u00e1ti \u00f6sszej\u00f6vetelek \u00e9tel-ital ig\u00e9nyeit is k\u00e9pesek vagyunk magas sz\u00ednvonalon ell\u00e1tni.<br \/>\nAmennyiben c\u00e9ges vagy priv\u00e1t rendezv\u00e9nyhez keress profi hangos\u00edt\u00f3 c\u00e9get, kattintson a sz\u00f6veges linkre: <a href=\"https:\/\/mobilhang.hu\/rendezveny-hangositas\/\" target=\"_blank\" rel=\"noopener\">rendezv\u00e9ny hangos\u00edt\u00e1s<\/a>.<\/p>\n<p style=\"text-align: center; line-height: 1.5em;\">Foglaljon n\u00e1lunk id\u0151pontot telefonon kereszt\u00fcl!<\/p>\n<p>[\/vc_column_text][vc_custom_heading text=&#8221;V\u00e1rjuk szeretettel \u00d6nt, csal\u00e1dtagjait \u00e9s bar\u00e1tait a DaGiovanni Pizz\u00e9ri\u00e1ban.&#8221; font_container=&#8221;tag:p|font_size:2em|text_align:center|color:%23dd3333|line_height:1.2em&#8221; google_fonts=&#8221;font_family:Dancing%20Script%3Aregular%2C700|font_style:700%20bold%20regular%3A700%3Anormal&#8221;][\/vc_column][\/vc_row]<\/p>\n<\/div>","protected":false},"excerpt":{"rendered":"<p>[vc_row][vc_column el_class=&#8221;logo2&#8243;][vc_single_image image=&#8221;13&#8243; img_size=&#8221;full&#8221; alignment=&#8221;center&#8221; css=&#8221;.vc_custom_1702020369152{margin-top: 20px !important;padding-right: 10% !important;padding-left: 10% !important;}&#8221; el_class=&#8221;logo&#8221;][vc_custom_heading text=&#8221;Forr\u00f3 \u00e9s ropog\u00f3s olasz pizz\u00e1k,&#8221; font_container=&#8221;tag:h1|text_align:center|color:%23000000|line_height:1.1em&#8221; google_fonts=&#8221;font_family:Montserrat%3Aregular%2C700|font_style:700%20bold%20regular%3A700%3Anormal&#8221; css=&#8221;.vc_custom_1702020023187{margin-bottom: 4px !important;}&#8221;][vc_custom_heading text=&#8221;eredeti receptek&hellip;<\/p>\n","protected":false},"author":1,"featured_media":0,"parent":0,"menu_order":0,"comment_status":"closed","ping_status":"closed","template":"","meta":{"inline_featured_image":false,"footnotes":""},"class_list":["post-562","page","type-page","status-publish","hentry"],"_links":{"self":[{"href":"https:\/\/dagiovanni.hu\/hu\/wp-json\/wp\/v2\/pages\/562","targetHints":{"allow":["GET"]}}],"collection":[{"href":"https:\/\/dagiovanni.hu\/hu\/wp-json\/wp\/v2\/pages"}],"about":[{"href":"https:\/\/dagiovanni.hu\/hu\/wp-json\/wp\/v2\/types\/page"}],"author":[{"embeddable":true,"href":"https:\/\/dagiovanni.hu\/hu\/wp-json\/wp\/v2\/users\/1"}],"replies":[{"embeddable":true,"href":"https:\/\/dagiovanni.hu\/hu\/wp-json\/wp\/v2\/comments?post=562"}],"version-history":[{"count":76,"href":"https:\/\/dagiovanni.hu\/hu\/wp-json\/wp\/v2\/pages\/562\/revisions"}],"predecessor-version":[{"id":1268,"href":"https:\/\/dagiovanni.hu\/hu\/wp-json\/wp\/v2\/pages\/562\/revisions\/1268"}],"wp:attachment":[{"href":"https:\/\/dagiovanni.hu\/hu\/wp-json\/wp\/v2\/media?parent=562"}],"curies":[{"name":"wp","href":"https:\/\/api.w.org\/{rel}","templated":true}]}}