{"id":1068,"date":"2023-01-06T17:28:50","date_gmt":"2023-01-06T16:28:50","guid":{"rendered":"https:\/\/dagiovanni.hu\/product\/\/"},"modified":"2025-11-25T11:23:52","modified_gmt":"2025-11-25T10:23:52","slug":"utolso-kenet","status":"publish","type":"product","link":"https:\/\/dagiovanni.hu\/hu\/product\/utolso-kenet\/","title":{"rendered":"Utols\u00f3 kenet"},"content":{"rendered":"<p><span style=\"color: red;\">Csak saj\u00e1t felel\u0151ss\u00e9gre!!!<\/span><br \/>\ngabko-s, fokhagym\u00e1s, paradicsomos alap, salsicca piccante, salsicca fresh, calabraze, jalapeno, mozzarella<\/p>\n","protected":false},"excerpt":{"rendered":"<p><span style=\"color: red;\">Csak saj\u00e1t felel\u0151ss\u00e9gre!!!<span><br \/>\ngabko-s, fokhagym\u00e1s, paradicsomos alap, salsicca piccante, salsicca fresh, calabraze, jalapeno, mozzarella<\/span><\/span><\/p>\n","protected":false},"featured_media":1069,"template":"","meta":{"inline_featured_image":false},"product_brand":[],"product_cat":[18],"product_tag":[31],"class_list":{"0":"post-1068","1":"product","2":"type-product","3":"status-publish","4":"has-post-thumbnail","6":"product_cat-ujdonsagaink","7":"product_tag-pizza","9":"first","10":"instock","11":"shipping-taxable","12":"purchasable","13":"product-type-simple","14":"customify-col"},"_links":{"self":[{"href":"https:\/\/dagiovanni.hu\/hu\/wp-json\/wp\/v2\/product\/1068","targetHints":{"allow":["GET"]}}],"collection":[{"href":"https:\/\/dagiovanni.hu\/hu\/wp-json\/wp\/v2\/product"}],"about":[{"href":"https:\/\/dagiovanni.hu\/hu\/wp-json\/wp\/v2\/types\/product"}],"wp:featuredmedia":[{"embeddable":true,"href":"https:\/\/dagiovanni.hu\/hu\/wp-json\/wp\/v2\/media\/1069"}],"wp:attachment":[{"href":"https:\/\/dagiovanni.hu\/hu\/wp-json\/wp\/v2\/media?parent=1068"}],"wp:term":[{"taxonomy":"product_brand","embeddable":true,"href":"https:\/\/dagiovanni.hu\/hu\/wp-json\/wp\/v2\/product_brand?post=1068"},{"taxonomy":"product_cat","embeddable":true,"href":"https:\/\/dagiovanni.hu\/hu\/wp-json\/wp\/v2\/product_cat?post=1068"},{"taxonomy":"product_tag","embeddable":true,"href":"https:\/\/dagiovanni.hu\/hu\/wp-json\/wp\/v2\/product_tag?post=1068"}],"curies":[{"name":"wp","href":"https:\/\/api.w.org\/{rel}","templated":true}]}}