{"id":121,"date":"2023-12-06T10:35:04","date_gmt":"2023-12-06T09:35:04","guid":{"rendered":"https:\/\/dagiovanni.stemma.hu\/?post_type=product&#038;p=121"},"modified":"2025-11-25T11:22:57","modified_gmt":"2025-11-25T10:22:57","slug":"gastone","status":"publish","type":"product","link":"https:\/\/dagiovanni.hu\/hu\/product\/gastone\/","title":{"rendered":"Gastone"},"content":{"rendered":"<p>pizzasz\u00f3sz, mozzarella, varg\u00e1nya gomba, parmez\u00e1n, speck<\/p>\n","protected":false},"excerpt":{"rendered":"<p>pizzasz\u00f3sz, mozzarella, varg\u00e1nya gomba, parmez\u00e1n, speck<\/p>\n","protected":false},"featured_media":847,"template":"","meta":{"inline_featured_image":false},"product_brand":[],"product_cat":[18],"product_tag":[31],"class_list":{"0":"post-121","1":"product","2":"type-product","3":"status-publish","4":"has-post-thumbnail","6":"product_cat-ujdonsagaink","7":"product_tag-pizza","9":"first","10":"instock","11":"shipping-taxable","12":"purchasable","13":"product-type-simple","14":"customify-col"},"_links":{"self":[{"href":"https:\/\/dagiovanni.hu\/hu\/wp-json\/wp\/v2\/product\/121","targetHints":{"allow":["GET"]}}],"collection":[{"href":"https:\/\/dagiovanni.hu\/hu\/wp-json\/wp\/v2\/product"}],"about":[{"href":"https:\/\/dagiovanni.hu\/hu\/wp-json\/wp\/v2\/types\/product"}],"wp:featuredmedia":[{"embeddable":true,"href":"https:\/\/dagiovanni.hu\/hu\/wp-json\/wp\/v2\/media\/847"}],"wp:attachment":[{"href":"https:\/\/dagiovanni.hu\/hu\/wp-json\/wp\/v2\/media?parent=121"}],"wp:term":[{"taxonomy":"product_brand","embeddable":true,"href":"https:\/\/dagiovanni.hu\/hu\/wp-json\/wp\/v2\/product_brand?post=121"},{"taxonomy":"product_cat","embeddable":true,"href":"https:\/\/dagiovanni.hu\/hu\/wp-json\/wp\/v2\/product_cat?post=121"},{"taxonomy":"product_tag","embeddable":true,"href":"https:\/\/dagiovanni.hu\/hu\/wp-json\/wp\/v2\/product_tag?post=121"}],"curies":[{"name":"wp","href":"https:\/\/api.w.org\/{rel}","templated":true}]}}