{"id":1213,"date":"2025-10-22T18:18:55","date_gmt":"2025-10-22T16:18:55","guid":{"rendered":"https:\/\/dagiovanni.hu\/product\/\/"},"modified":"2025-10-22T18:21:01","modified_gmt":"2025-10-22T16:21:01","slug":"peroni-nastro-azzurro-0-0","status":"publish","type":"product","link":"https:\/\/dagiovanni.hu\/hu\/product\/peroni-nastro-azzurro-0-0\/","title":{"rendered":"Peroni Nastro Azzurro 0.0"},"content":{"rendered":"<p><span class=\"leiras\">min\u0151s\u00e9gi vil\u00e1gos s\u00f6r 0%<br \/>\n0,33 l (+50 Ft DRS)<\/span><\/p>\n","protected":false},"excerpt":{"rendered":"<p><span class=\"leiras\">min\u0151s\u00e9gi vil\u00e1gos s\u00f6r 0%<br \/>\n0,33 l (+50 Ft DRS)<\/span><\/p>\n","protected":false},"featured_media":1214,"template":"","meta":{"inline_featured_image":false},"product_brand":[],"product_cat":[30],"product_tag":[43],"class_list":{"0":"post-1213","1":"product","2":"type-product","3":"status-publish","4":"has-post-thumbnail","6":"product_cat-sorok","7":"product_tag-sor","9":"first","10":"instock","11":"shipping-taxable","12":"purchasable","13":"product-type-simple","14":"customify-col"},"_links":{"self":[{"href":"https:\/\/dagiovanni.hu\/hu\/wp-json\/wp\/v2\/product\/1213","targetHints":{"allow":["GET"]}}],"collection":[{"href":"https:\/\/dagiovanni.hu\/hu\/wp-json\/wp\/v2\/product"}],"about":[{"href":"https:\/\/dagiovanni.hu\/hu\/wp-json\/wp\/v2\/types\/product"}],"wp:featuredmedia":[{"embeddable":true,"href":"https:\/\/dagiovanni.hu\/hu\/wp-json\/wp\/v2\/media\/1214"}],"wp:attachment":[{"href":"https:\/\/dagiovanni.hu\/hu\/wp-json\/wp\/v2\/media?parent=1213"}],"wp:term":[{"taxonomy":"product_brand","embeddable":true,"href":"https:\/\/dagiovanni.hu\/hu\/wp-json\/wp\/v2\/product_brand?post=1213"},{"taxonomy":"product_cat","embeddable":true,"href":"https:\/\/dagiovanni.hu\/hu\/wp-json\/wp\/v2\/product_cat?post=1213"},{"taxonomy":"product_tag","embeddable":true,"href":"https:\/\/dagiovanni.hu\/hu\/wp-json\/wp\/v2\/product_tag?post=1213"}],"curies":[{"name":"wp","href":"https:\/\/api.w.org\/{rel}","templated":true}]}}