{"id":1281,"date":"2026-01-27T12:28:25","date_gmt":"2026-01-27T11:28:25","guid":{"rendered":"https:\/\/dagiovanni.hu\/hu\/product\/\/"},"modified":"2026-01-27T12:33:09","modified_gmt":"2026-01-27T11:33:09","slug":"vitaminsalata","status":"publish","type":"product","link":"https:\/\/dagiovanni.hu\/hu\/product\/vitaminsalata\/","title":{"rendered":"Vitaminsal\u00e1ta"},"content":{"rendered":"<div class=\"wpb-content-wrapper\"><p>[vc_row][vc_column][vc_column_text css=&#8221;&#8221;]j\u00e9gsal\u00e1ta, rukkola, grillezett z\u00f6lds\u00e9g, f\u0151tt toj\u00e1s, f\u0151tt sonka, parmez\u00e1n[\/vc_column_text][\/vc_column][\/vc_row]<\/p>\n<\/div>","protected":false},"excerpt":{"rendered":"<p>j\u00e9gsal\u00e1ta, rukkola, grillezett z\u00f6lds\u00e9g, f\u0151tt toj\u00e1s, f\u0151tt sonka, parmez\u00e1n<\/p>\n","protected":false},"featured_media":177,"template":"","meta":{"inline_featured_image":false},"product_brand":[],"product_cat":[20],"product_tag":[31],"class_list":{"0":"post-1281","1":"product","2":"type-product","3":"status-publish","4":"has-post-thumbnail","6":"product_cat-salatak","7":"product_tag-pizza","9":"first","10":"instock","11":"shipping-taxable","12":"purchasable","13":"product-type-simple","14":"customify-col"},"_links":{"self":[{"href":"https:\/\/dagiovanni.hu\/hu\/wp-json\/wp\/v2\/product\/1281","targetHints":{"allow":["GET"]}}],"collection":[{"href":"https:\/\/dagiovanni.hu\/hu\/wp-json\/wp\/v2\/product"}],"about":[{"href":"https:\/\/dagiovanni.hu\/hu\/wp-json\/wp\/v2\/types\/product"}],"wp:featuredmedia":[{"embeddable":true,"href":"https:\/\/dagiovanni.hu\/hu\/wp-json\/wp\/v2\/media\/177"}],"wp:attachment":[{"href":"https:\/\/dagiovanni.hu\/hu\/wp-json\/wp\/v2\/media?parent=1281"}],"wp:term":[{"taxonomy":"product_brand","embeddable":true,"href":"https:\/\/dagiovanni.hu\/hu\/wp-json\/wp\/v2\/product_brand?post=1281"},{"taxonomy":"product_cat","embeddable":true,"href":"https:\/\/dagiovanni.hu\/hu\/wp-json\/wp\/v2\/product_cat?post=1281"},{"taxonomy":"product_tag","embeddable":true,"href":"https:\/\/dagiovanni.hu\/hu\/wp-json\/wp\/v2\/product_tag?post=1281"}],"curies":[{"name":"wp","href":"https:\/\/api.w.org\/{rel}","templated":true}]}}