{"id":1285,"date":"2026-01-27T13:07:45","date_gmt":"2026-01-27T12:07:45","guid":{"rendered":"https:\/\/dagiovanni.hu\/hu\/product\/\/"},"modified":"2026-01-27T13:08:54","modified_gmt":"2026-01-27T12:08:54","slug":"preziosa-salata","status":"publish","type":"product","link":"https:\/\/dagiovanni.hu\/hu\/product\/preziosa-salata\/","title":{"rendered":"Preziosa sal\u00e1ta"},"content":{"rendered":"<div class=\"wpb-content-wrapper\"><p>[vc_row][vc_column][vc_column_text css=&#8221;&#8221; content_en_us=&#8221;aWNlYmVyZyUyMGxldHR1Y2UlMkMlMjBhcnVndWxhJTJDJTIwc21va2VkJTIwY2hlZXNlJTJDJTIwb2xpdmVzJTJDJTIwZmV0YSUyMGNoZWVzZSUyQyUyMHN1bi1kcmllZCUyMHRvbWF0b2Vz&#8221; content_it_it=&#8221;aW5zYWxhdGElMjBpY2ViZXJnJTJDJTIwcnVjb2xhJTJDJTIwZm9ybWFnZ2lvJTIwYWZmdW1pY2F0byUyQyUyMG9saXZlJTJDJTIwZm9ybWFnZ2lvJTIwZmV0YSUyQyUyMHBvbW9kb3JpJTIwc2VjY2hp&#8221;]j\u00e9gsal\u00e1ta, rukkola, f\u00fcst\u00f6lt sajt, ol\u00edvabogy\u00f3, feta sajt, sz\u00e1r\u00edtott paradicsom[\/vc_column_text][\/vc_column][\/vc_row]<\/p>\n<\/div>","protected":false},"excerpt":{"rendered":"<p>j\u00e9gsal\u00e1ta, rukkola, f\u00fcst\u00f6lt sajt, ol\u00edvabogy\u00f3, feta sajt, sz\u00e1r\u00edtott paradicsom<\/p>\n","protected":false},"featured_media":177,"template":"","meta":{"inline_featured_image":false},"product_brand":[],"product_cat":[20],"product_tag":[31],"class_list":{"0":"post-1285","1":"product","2":"type-product","3":"status-publish","4":"has-post-thumbnail","6":"product_cat-salatak","7":"product_tag-pizza","9":"first","10":"instock","11":"shipping-taxable","12":"purchasable","13":"product-type-simple","14":"customify-col"},"_links":{"self":[{"href":"https:\/\/dagiovanni.hu\/hu\/wp-json\/wp\/v2\/product\/1285","targetHints":{"allow":["GET"]}}],"collection":[{"href":"https:\/\/dagiovanni.hu\/hu\/wp-json\/wp\/v2\/product"}],"about":[{"href":"https:\/\/dagiovanni.hu\/hu\/wp-json\/wp\/v2\/types\/product"}],"wp:featuredmedia":[{"embeddable":true,"href":"https:\/\/dagiovanni.hu\/hu\/wp-json\/wp\/v2\/media\/177"}],"wp:attachment":[{"href":"https:\/\/dagiovanni.hu\/hu\/wp-json\/wp\/v2\/media?parent=1285"}],"wp:term":[{"taxonomy":"product_brand","embeddable":true,"href":"https:\/\/dagiovanni.hu\/hu\/wp-json\/wp\/v2\/product_brand?post=1285"},{"taxonomy":"product_cat","embeddable":true,"href":"https:\/\/dagiovanni.hu\/hu\/wp-json\/wp\/v2\/product_cat?post=1285"},{"taxonomy":"product_tag","embeddable":true,"href":"https:\/\/dagiovanni.hu\/hu\/wp-json\/wp\/v2\/product_tag?post=1285"}],"curies":[{"name":"wp","href":"https:\/\/api.w.org\/{rel}","templated":true}]}}