{"id":1298,"date":"2026-01-27T13:46:07","date_gmt":"2026-01-27T12:46:07","guid":{"rendered":"https:\/\/dagiovanni.hu\/hu\/product\/\/"},"modified":"2026-01-27T13:47:35","modified_gmt":"2026-01-27T12:47:35","slug":"repulo-cseszealj","status":"publish","type":"product","link":"https:\/\/dagiovanni.hu\/hu\/product\/repulo-cseszealj\/","title":{"rendered":"Rep\u00fcl\u0151 cs\u00e9szealj"},"content":{"rendered":"<div class=\"wpb-content-wrapper\"><p>[vc_row][vc_column][vc_column_text css=&#8221;&#8221; content_en_us=&#8221;ZG91YmxlJTIwY3J1c3QlMjBwaXp6YSUyMCUyOGF0JTIwdGhlJTIwcHJpY2UlMjBvZiUyMHRoZSUyMHNlbGVjdGVkJTIwcGl6emElMjk=&#8221; content_it_it=&#8221;cGl6emElMjBjb24lMjBkb3BwaW8lMjBpbXBhc3RvJTIwJTI4YWwlMjBwcmV6em8lMjBkZWxsYSUyMHBpenphJTIwc2NlbHRhJTI5&#8243;]dupla t\u00e9szt\u00e1s pizza (v\u00e1lasztott pizza \u00e1r\u00e1n fel\u00fcl)[\/vc_column_text][\/vc_column][\/vc_row]<\/p>\n<\/div>","protected":false},"excerpt":{"rendered":"<p>dupla t\u00e9szt\u00e1s pizza (v\u00e1lasztott pizza \u00e1r\u00e1n fel\u00fcl)<\/p>\n","protected":false},"featured_media":118,"template":"","meta":{"inline_featured_image":false},"product_brand":[],"product_cat":[18],"product_tag":[31],"class_list":{"0":"post-1298","1":"product","2":"type-product","3":"status-publish","4":"has-post-thumbnail","6":"product_cat-ujdonsagaink","7":"product_tag-pizza","9":"first","10":"instock","11":"shipping-taxable","12":"purchasable","13":"product-type-simple","14":"customify-col"},"_links":{"self":[{"href":"https:\/\/dagiovanni.hu\/hu\/wp-json\/wp\/v2\/product\/1298","targetHints":{"allow":["GET"]}}],"collection":[{"href":"https:\/\/dagiovanni.hu\/hu\/wp-json\/wp\/v2\/product"}],"about":[{"href":"https:\/\/dagiovanni.hu\/hu\/wp-json\/wp\/v2\/types\/product"}],"wp:featuredmedia":[{"embeddable":true,"href":"https:\/\/dagiovanni.hu\/hu\/wp-json\/wp\/v2\/media\/118"}],"wp:attachment":[{"href":"https:\/\/dagiovanni.hu\/hu\/wp-json\/wp\/v2\/media?parent=1298"}],"wp:term":[{"taxonomy":"product_brand","embeddable":true,"href":"https:\/\/dagiovanni.hu\/hu\/wp-json\/wp\/v2\/product_brand?post=1298"},{"taxonomy":"product_cat","embeddable":true,"href":"https:\/\/dagiovanni.hu\/hu\/wp-json\/wp\/v2\/product_cat?post=1298"},{"taxonomy":"product_tag","embeddable":true,"href":"https:\/\/dagiovanni.hu\/hu\/wp-json\/wp\/v2\/product_tag?post=1298"}],"curies":[{"name":"wp","href":"https:\/\/api.w.org\/{rel}","templated":true}]}}