{"id":1357,"date":"2026-04-09T18:03:26","date_gmt":"2026-04-09T16:03:26","guid":{"rendered":"https:\/\/dagiovanni.hu\/hu\/product\/\/"},"modified":"2026-04-09T18:04:49","modified_gmt":"2026-04-09T16:04:49","slug":"4-formaggi-2","status":"publish","type":"product","link":"https:\/\/dagiovanni.hu\/hu\/product\/4-formaggi-2\/","title":{"rendered":"4 Formaggi"},"content":{"rendered":"<div class=\"wpb-content-wrapper\"><p>[vc_row][vc_column][vc_column_text css=&#8221;&#8221; content_en_us=&#8221;c21va2VkJTIwY2hlZXNlJTJDJTIwbW96emFyZWxsYSUyQyUyMGdvcmdvbnpvbGElMkMlMjBQYXJtZXNhbiUyQyUyMGNyZWFt&#8221; content_it_it=&#8221;Zm9ybWFnZ2lvJTIwYWZmdW1pY2F0byUyQyUyMG1venphcmVsbGElMkMlMjBnb3Jnb256b2xhJTJDJTIwcGFybWlnaWFubyUyQyUyMHBhbm5h&#8221;]f\u00fcst\u00f6lt sajt, mozzarella, gorgonzola, parmez\u00e1n, tejsz\u00edn[\/vc_column_text][\/vc_column][\/vc_row]<\/p>\n<\/div>","protected":false},"excerpt":{"rendered":"<p>f\u00fcst\u00f6lt sajt, mozzarella, gorgonzola, parmez\u00e1n, tejsz\u00edn<\/p>\n","protected":false},"featured_media":1349,"template":"","meta":{"inline_featured_image":false},"product_brand":[],"product_cat":[52],"product_tag":[53],"class_list":{"0":"post-1357","1":"product","2":"type-product","3":"status-publish","4":"has-post-thumbnail","6":"product_cat-tesztak","7":"product_tag-pasta","9":"first","10":"instock","11":"shipping-taxable","12":"purchasable","13":"product-type-simple","14":"customify-col"},"_links":{"self":[{"href":"https:\/\/dagiovanni.hu\/hu\/wp-json\/wp\/v2\/product\/1357","targetHints":{"allow":["GET"]}}],"collection":[{"href":"https:\/\/dagiovanni.hu\/hu\/wp-json\/wp\/v2\/product"}],"about":[{"href":"https:\/\/dagiovanni.hu\/hu\/wp-json\/wp\/v2\/types\/product"}],"wp:featuredmedia":[{"embeddable":true,"href":"https:\/\/dagiovanni.hu\/hu\/wp-json\/wp\/v2\/media\/1349"}],"wp:attachment":[{"href":"https:\/\/dagiovanni.hu\/hu\/wp-json\/wp\/v2\/media?parent=1357"}],"wp:term":[{"taxonomy":"product_brand","embeddable":true,"href":"https:\/\/dagiovanni.hu\/hu\/wp-json\/wp\/v2\/product_brand?post=1357"},{"taxonomy":"product_cat","embeddable":true,"href":"https:\/\/dagiovanni.hu\/hu\/wp-json\/wp\/v2\/product_cat?post=1357"},{"taxonomy":"product_tag","embeddable":true,"href":"https:\/\/dagiovanni.hu\/hu\/wp-json\/wp\/v2\/product_tag?post=1357"}],"curies":[{"name":"wp","href":"https:\/\/api.w.org\/{rel}","templated":true}]}}