{"id":164,"date":"2023-12-06T13:45:26","date_gmt":"2023-12-06T12:45:26","guid":{"rendered":"https:\/\/dagiovanni.stemma.hu\/?post_type=product&#038;p=164"},"modified":"2025-11-25T11:22:35","modified_gmt":"2025-11-25T10:22:35","slug":"campaniola-bruschettone","status":"publish","type":"product","link":"https:\/\/dagiovanni.hu\/hu\/product\/campaniola-bruschettone\/","title":{"rendered":"Campaniola Bruschettone"},"content":{"rendered":"<p><span class=\"leiras\">pizzasz\u00f3sz, mozzarella, grill z\u00f6lds\u00e9g<\/span><\/p>\n","protected":false},"excerpt":{"rendered":"<p><span class=\"leiras\">pizzasz\u00f3sz, mozzarella, grill z\u00f6lds\u00e9g<\/span><\/p>\n","protected":false},"featured_media":844,"template":"","meta":{"inline_featured_image":false},"product_brand":[],"product_cat":[19],"product_tag":[31],"class_list":{"0":"post-164","1":"product","2":"type-product","3":"status-publish","4":"has-post-thumbnail","6":"product_cat-bruschettone","7":"product_tag-pizza","9":"first","10":"instock","11":"shipping-taxable","12":"purchasable","13":"product-type-simple","14":"customify-col"},"_links":{"self":[{"href":"https:\/\/dagiovanni.hu\/hu\/wp-json\/wp\/v2\/product\/164","targetHints":{"allow":["GET"]}}],"collection":[{"href":"https:\/\/dagiovanni.hu\/hu\/wp-json\/wp\/v2\/product"}],"about":[{"href":"https:\/\/dagiovanni.hu\/hu\/wp-json\/wp\/v2\/types\/product"}],"wp:featuredmedia":[{"embeddable":true,"href":"https:\/\/dagiovanni.hu\/hu\/wp-json\/wp\/v2\/media\/844"}],"wp:attachment":[{"href":"https:\/\/dagiovanni.hu\/hu\/wp-json\/wp\/v2\/media?parent=164"}],"wp:term":[{"taxonomy":"product_brand","embeddable":true,"href":"https:\/\/dagiovanni.hu\/hu\/wp-json\/wp\/v2\/product_brand?post=164"},{"taxonomy":"product_cat","embeddable":true,"href":"https:\/\/dagiovanni.hu\/hu\/wp-json\/wp\/v2\/product_cat?post=164"},{"taxonomy":"product_tag","embeddable":true,"href":"https:\/\/dagiovanni.hu\/hu\/wp-json\/wp\/v2\/product_tag?post=164"}],"curies":[{"name":"wp","href":"https:\/\/api.w.org\/{rel}","templated":true}]}}