{"id":180,"date":"2023-12-06T16:21:03","date_gmt":"2023-12-06T15:21:03","guid":{"rendered":"https:\/\/dagiovanni.stemma.hu\/?post_type=product&#038;p=180"},"modified":"2025-11-25T16:00:35","modified_gmt":"2025-11-25T15:00:35","slug":"gorog-salata","status":"publish","type":"product","link":"https:\/\/dagiovanni.hu\/hu\/product\/gorog-salata\/","title":{"rendered":"G\u00f6r\u00f6g sal\u00e1ta"},"content":{"rendered":"<p><span class=\"leiras\">paradicsom, uborka, ol\u00edvabogy\u00f3, feta sajt, lilahagyma, ol\u00edvaolaj, balzsamecet<\/span><\/p>\n","protected":false},"excerpt":{"rendered":"<p><span class=\"leiras\">paradicsom, uborka, ol\u00edvabogy\u00f3, feta sajt, lilahagyma, ol\u00edvaolaj, balzsamecet<\/span><\/p>\n","protected":false},"featured_media":1237,"template":"","meta":{"inline_featured_image":false},"product_brand":[],"product_cat":[20],"product_tag":[31],"class_list":{"0":"post-180","1":"product","2":"type-product","3":"status-publish","4":"has-post-thumbnail","6":"product_cat-salatak","7":"product_tag-pizza","9":"first","10":"instock","11":"shipping-taxable","12":"purchasable","13":"product-type-simple","14":"customify-col"},"_links":{"self":[{"href":"https:\/\/dagiovanni.hu\/hu\/wp-json\/wp\/v2\/product\/180","targetHints":{"allow":["GET"]}}],"collection":[{"href":"https:\/\/dagiovanni.hu\/hu\/wp-json\/wp\/v2\/product"}],"about":[{"href":"https:\/\/dagiovanni.hu\/hu\/wp-json\/wp\/v2\/types\/product"}],"wp:featuredmedia":[{"embeddable":true,"href":"https:\/\/dagiovanni.hu\/hu\/wp-json\/wp\/v2\/media\/1237"}],"wp:attachment":[{"href":"https:\/\/dagiovanni.hu\/hu\/wp-json\/wp\/v2\/media?parent=180"}],"wp:term":[{"taxonomy":"product_brand","embeddable":true,"href":"https:\/\/dagiovanni.hu\/hu\/wp-json\/wp\/v2\/product_brand?post=180"},{"taxonomy":"product_cat","embeddable":true,"href":"https:\/\/dagiovanni.hu\/hu\/wp-json\/wp\/v2\/product_cat?post=180"},{"taxonomy":"product_tag","embeddable":true,"href":"https:\/\/dagiovanni.hu\/hu\/wp-json\/wp\/v2\/product_tag?post=180"}],"curies":[{"name":"wp","href":"https:\/\/api.w.org\/{rel}","templated":true}]}}