{"id":193,"date":"2023-12-06T16:31:11","date_gmt":"2023-12-06T15:31:11","guid":{"rendered":"https:\/\/dagiovanni.stemma.hu\/?post_type=product&#038;p=193"},"modified":"2025-11-25T11:20:56","modified_gmt":"2025-11-25T10:20:56","slug":"vega-iv","status":"publish","type":"product","link":"https:\/\/dagiovanni.hu\/hu\/product\/vega-iv\/","title":{"rendered":"Vega IV."},"content":{"rendered":"<p><span class=\"leiras\">paradicsomsz\u00f3sz, mozzarella, cukkini, varg\u00e1nya, sp\u00e1rga<\/span><\/p>\n","protected":false},"excerpt":{"rendered":"<p><span class=\"leiras\">paradicsomsz\u00f3sz, mozzarella, cukkini, varg\u00e1nya, sp\u00e1rga<\/span><\/p>\n","protected":false},"featured_media":858,"template":"","meta":{"inline_featured_image":false},"product_brand":[],"product_cat":[22],"product_tag":[31],"class_list":{"0":"post-193","1":"product","2":"type-product","3":"status-publish","4":"has-post-thumbnail","6":"product_cat-vegetarianus-pizzak","7":"product_tag-pizza","9":"first","10":"instock","11":"shipping-taxable","12":"purchasable","13":"product-type-simple","14":"customify-col"},"_links":{"self":[{"href":"https:\/\/dagiovanni.hu\/hu\/wp-json\/wp\/v2\/product\/193","targetHints":{"allow":["GET"]}}],"collection":[{"href":"https:\/\/dagiovanni.hu\/hu\/wp-json\/wp\/v2\/product"}],"about":[{"href":"https:\/\/dagiovanni.hu\/hu\/wp-json\/wp\/v2\/types\/product"}],"wp:featuredmedia":[{"embeddable":true,"href":"https:\/\/dagiovanni.hu\/hu\/wp-json\/wp\/v2\/media\/858"}],"wp:attachment":[{"href":"https:\/\/dagiovanni.hu\/hu\/wp-json\/wp\/v2\/media?parent=193"}],"wp:term":[{"taxonomy":"product_brand","embeddable":true,"href":"https:\/\/dagiovanni.hu\/hu\/wp-json\/wp\/v2\/product_brand?post=193"},{"taxonomy":"product_cat","embeddable":true,"href":"https:\/\/dagiovanni.hu\/hu\/wp-json\/wp\/v2\/product_cat?post=193"},{"taxonomy":"product_tag","embeddable":true,"href":"https:\/\/dagiovanni.hu\/hu\/wp-json\/wp\/v2\/product_tag?post=193"}],"curies":[{"name":"wp","href":"https:\/\/api.w.org\/{rel}","templated":true}]}}