{"id":218,"date":"2023-12-07T09:25:43","date_gmt":"2023-12-07T08:25:43","guid":{"rendered":"https:\/\/dagiovanni.stemma.hu\/?post_type=product&#038;p=218"},"modified":"2025-11-25T11:20:35","modified_gmt":"2025-11-25T10:20:35","slug":"carbonara","status":"publish","type":"product","link":"https:\/\/dagiovanni.hu\/hu\/product\/carbonara\/","title":{"rendered":"Carbonara"},"content":{"rendered":"<p><span class=\"leiras\">feh\u00e9ralap, mozzarella, bacon, toj\u00e1ss\u00e1rg\u00e1ja, parmez\u00e1n<\/span><\/p>\n","protected":false},"excerpt":{"rendered":"<p><span class=\"leiras\">feh\u00e9ralap, mozzarella, bacon, toj\u00e1ss\u00e1rg\u00e1ja, parmez\u00e1n<\/span><\/p>\n","protected":false},"featured_media":219,"template":"","meta":{"inline_featured_image":false},"product_brand":[],"product_cat":[23],"product_tag":[31],"class_list":{"0":"post-218","1":"product","2":"type-product","3":"status-publish","4":"has-post-thumbnail","6":"product_cat-tejszines-tejfolos-pizzak","7":"product_tag-pizza","9":"first","10":"instock","11":"shipping-taxable","12":"purchasable","13":"product-type-simple","14":"customify-col"},"_links":{"self":[{"href":"https:\/\/dagiovanni.hu\/hu\/wp-json\/wp\/v2\/product\/218","targetHints":{"allow":["GET"]}}],"collection":[{"href":"https:\/\/dagiovanni.hu\/hu\/wp-json\/wp\/v2\/product"}],"about":[{"href":"https:\/\/dagiovanni.hu\/hu\/wp-json\/wp\/v2\/types\/product"}],"wp:featuredmedia":[{"embeddable":true,"href":"https:\/\/dagiovanni.hu\/hu\/wp-json\/wp\/v2\/media\/219"}],"wp:attachment":[{"href":"https:\/\/dagiovanni.hu\/hu\/wp-json\/wp\/v2\/media?parent=218"}],"wp:term":[{"taxonomy":"product_brand","embeddable":true,"href":"https:\/\/dagiovanni.hu\/hu\/wp-json\/wp\/v2\/product_brand?post=218"},{"taxonomy":"product_cat","embeddable":true,"href":"https:\/\/dagiovanni.hu\/hu\/wp-json\/wp\/v2\/product_cat?post=218"},{"taxonomy":"product_tag","embeddable":true,"href":"https:\/\/dagiovanni.hu\/hu\/wp-json\/wp\/v2\/product_tag?post=218"}],"curies":[{"name":"wp","href":"https:\/\/api.w.org\/{rel}","templated":true}]}}