{"id":226,"date":"2023-12-07T09:33:17","date_gmt":"2023-12-07T08:33:17","guid":{"rendered":"https:\/\/dagiovanni.stemma.hu\/?post_type=product&#038;p=226"},"modified":"2025-11-25T11:20:14","modified_gmt":"2025-11-25T10:20:14","slug":"delizioso","status":"publish","type":"product","link":"https:\/\/dagiovanni.hu\/hu\/product\/delizioso\/","title":{"rendered":"Delizioso"},"content":{"rendered":"<p><span class=\"leiras\">feh\u00e9ralap, mozzarella, tarja, feta sajt, sz\u00e1r\u00edtott paradicsom<\/span><\/p>\n","protected":false},"excerpt":{"rendered":"<p><span class=\"leiras\">feh\u00e9ralap, mozzarella, tarja, feta sajt, sz\u00e1r\u00edtott paradicsom<\/span><\/p>\n","protected":false},"featured_media":845,"template":"","meta":{"inline_featured_image":false},"product_brand":[],"product_cat":[23],"product_tag":[31],"class_list":{"0":"post-226","1":"product","2":"type-product","3":"status-publish","4":"has-post-thumbnail","6":"product_cat-tejszines-tejfolos-pizzak","7":"product_tag-pizza","9":"first","10":"instock","11":"shipping-taxable","12":"purchasable","13":"product-type-simple","14":"customify-col"},"_links":{"self":[{"href":"https:\/\/dagiovanni.hu\/hu\/wp-json\/wp\/v2\/product\/226","targetHints":{"allow":["GET"]}}],"collection":[{"href":"https:\/\/dagiovanni.hu\/hu\/wp-json\/wp\/v2\/product"}],"about":[{"href":"https:\/\/dagiovanni.hu\/hu\/wp-json\/wp\/v2\/types\/product"}],"wp:featuredmedia":[{"embeddable":true,"href":"https:\/\/dagiovanni.hu\/hu\/wp-json\/wp\/v2\/media\/845"}],"wp:attachment":[{"href":"https:\/\/dagiovanni.hu\/hu\/wp-json\/wp\/v2\/media?parent=226"}],"wp:term":[{"taxonomy":"product_brand","embeddable":true,"href":"https:\/\/dagiovanni.hu\/hu\/wp-json\/wp\/v2\/product_brand?post=226"},{"taxonomy":"product_cat","embeddable":true,"href":"https:\/\/dagiovanni.hu\/hu\/wp-json\/wp\/v2\/product_cat?post=226"},{"taxonomy":"product_tag","embeddable":true,"href":"https:\/\/dagiovanni.hu\/hu\/wp-json\/wp\/v2\/product_tag?post=226"}],"curies":[{"name":"wp","href":"https:\/\/api.w.org\/{rel}","templated":true}]}}