{"id":235,"date":"2023-12-07T09:52:11","date_gmt":"2023-12-07T08:52:11","guid":{"rendered":"https:\/\/dagiovanni.stemma.hu\/?post_type=product&#038;p=235"},"modified":"2025-11-25T11:19:43","modified_gmt":"2025-11-25T10:19:43","slug":"speciale","status":"publish","type":"product","link":"https:\/\/dagiovanni.hu\/hu\/product\/speciale\/","title":{"rendered":"Speciale"},"content":{"rendered":"<p><span class=\"leiras\">paradicsomsz\u00f3sz, mozzarella, f\u0151tt sonka, szal\u00e1mi, gomba<\/span><\/p>\n","protected":false},"excerpt":{"rendered":"<p><span class=\"leiras\">paradicsomsz\u00f3sz, mozzarella, f\u0151tt sonka, szal\u00e1mi, gomba<\/span><\/p>\n","protected":false},"featured_media":841,"template":"","meta":{"inline_featured_image":false},"product_brand":[],"product_cat":[25],"product_tag":[31],"class_list":{"0":"post-235","1":"product","2":"type-product","3":"status-publish","4":"has-post-thumbnail","6":"product_cat-csukott-pizzak","7":"product_tag-pizza","9":"first","10":"instock","11":"shipping-taxable","12":"purchasable","13":"product-type-simple","14":"customify-col"},"_links":{"self":[{"href":"https:\/\/dagiovanni.hu\/hu\/wp-json\/wp\/v2\/product\/235","targetHints":{"allow":["GET"]}}],"collection":[{"href":"https:\/\/dagiovanni.hu\/hu\/wp-json\/wp\/v2\/product"}],"about":[{"href":"https:\/\/dagiovanni.hu\/hu\/wp-json\/wp\/v2\/types\/product"}],"wp:featuredmedia":[{"embeddable":true,"href":"https:\/\/dagiovanni.hu\/hu\/wp-json\/wp\/v2\/media\/841"}],"wp:attachment":[{"href":"https:\/\/dagiovanni.hu\/hu\/wp-json\/wp\/v2\/media?parent=235"}],"wp:term":[{"taxonomy":"product_brand","embeddable":true,"href":"https:\/\/dagiovanni.hu\/hu\/wp-json\/wp\/v2\/product_brand?post=235"},{"taxonomy":"product_cat","embeddable":true,"href":"https:\/\/dagiovanni.hu\/hu\/wp-json\/wp\/v2\/product_cat?post=235"},{"taxonomy":"product_tag","embeddable":true,"href":"https:\/\/dagiovanni.hu\/hu\/wp-json\/wp\/v2\/product_tag?post=235"}],"curies":[{"name":"wp","href":"https:\/\/api.w.org\/{rel}","templated":true}]}}