{"id":250,"date":"2023-12-07T10:30:56","date_gmt":"2023-12-07T09:30:56","guid":{"rendered":"https:\/\/dagiovanni.stemma.hu\/?post_type=product&#038;p=250"},"modified":"2025-11-25T11:19:02","modified_gmt":"2025-11-25T10:19:02","slug":"frutti-di-mare","status":"publish","type":"product","link":"https:\/\/dagiovanni.hu\/hu\/product\/frutti-di-mare\/","title":{"rendered":"Frutti di Mare"},"content":{"rendered":"<p><span class=\"leiras\">paradicsomsz\u00f3sz, mozzarella, tenger gy\u00fcm\u00f6lcsei, friss paradicsom, ol\u00edvabogy\u00f3<\/span><\/p>\n","protected":false},"excerpt":{"rendered":"<p><span class=\"leiras\">paradicsomsz\u00f3sz, mozzarella, tenger gy\u00fcm\u00f6lcsei, friss paradicsom, ol\u00edvabogy\u00f3<\/span><\/p>\n","protected":false},"featured_media":680,"template":"","meta":{"inline_featured_image":false},"product_brand":[],"product_cat":[26],"product_tag":[31],"class_list":{"0":"post-250","1":"product","2":"type-product","3":"status-publish","4":"has-post-thumbnail","6":"product_cat-halas-pizzak","7":"product_tag-pizza","9":"first","10":"instock","11":"shipping-taxable","12":"purchasable","13":"product-type-simple","14":"customify-col"},"_links":{"self":[{"href":"https:\/\/dagiovanni.hu\/hu\/wp-json\/wp\/v2\/product\/250","targetHints":{"allow":["GET"]}}],"collection":[{"href":"https:\/\/dagiovanni.hu\/hu\/wp-json\/wp\/v2\/product"}],"about":[{"href":"https:\/\/dagiovanni.hu\/hu\/wp-json\/wp\/v2\/types\/product"}],"wp:featuredmedia":[{"embeddable":true,"href":"https:\/\/dagiovanni.hu\/hu\/wp-json\/wp\/v2\/media\/680"}],"wp:attachment":[{"href":"https:\/\/dagiovanni.hu\/hu\/wp-json\/wp\/v2\/media?parent=250"}],"wp:term":[{"taxonomy":"product_brand","embeddable":true,"href":"https:\/\/dagiovanni.hu\/hu\/wp-json\/wp\/v2\/product_brand?post=250"},{"taxonomy":"product_cat","embeddable":true,"href":"https:\/\/dagiovanni.hu\/hu\/wp-json\/wp\/v2\/product_cat?post=250"},{"taxonomy":"product_tag","embeddable":true,"href":"https:\/\/dagiovanni.hu\/hu\/wp-json\/wp\/v2\/product_tag?post=250"}],"curies":[{"name":"wp","href":"https:\/\/api.w.org\/{rel}","templated":true}]}}