{"id":263,"date":"2023-12-07T11:59:05","date_gmt":"2023-12-07T10:59:05","guid":{"rendered":"https:\/\/dagiovanni.stemma.hu\/?post_type=product&#038;p=263"},"modified":"2025-11-25T11:18:17","modified_gmt":"2025-11-25T10:18:17","slug":"4-stagioni","status":"publish","type":"product","link":"https:\/\/dagiovanni.hu\/hu\/product\/4-stagioni\/","title":{"rendered":"4 Stagioni"},"content":{"rendered":"<p><span class=\"leiras\">paradicsomsz\u00f3sz, mozzarella, f\u0151tt sonka, gomba, ol\u00edvabogy\u00f3, artics\u00f3ka<\/span><\/p>\n","protected":false},"excerpt":{"rendered":"<p><span class=\"leiras\">paradicsomsz\u00f3sz, mozzarella, f\u0151tt sonka, gomba, ol\u00edvabogy\u00f3, artics\u00f3ka<\/span><\/p>\n","protected":false},"featured_media":670,"template":"","meta":{"inline_featured_image":false},"product_brand":[],"product_cat":[24],"product_tag":[31],"class_list":{"0":"post-263","1":"product","2":"type-product","3":"status-publish","4":"has-post-thumbnail","6":"product_cat-husos-pizzak","7":"product_tag-pizza","9":"first","10":"instock","11":"shipping-taxable","12":"purchasable","13":"product-type-simple","14":"customify-col"},"_links":{"self":[{"href":"https:\/\/dagiovanni.hu\/hu\/wp-json\/wp\/v2\/product\/263","targetHints":{"allow":["GET"]}}],"collection":[{"href":"https:\/\/dagiovanni.hu\/hu\/wp-json\/wp\/v2\/product"}],"about":[{"href":"https:\/\/dagiovanni.hu\/hu\/wp-json\/wp\/v2\/types\/product"}],"wp:featuredmedia":[{"embeddable":true,"href":"https:\/\/dagiovanni.hu\/hu\/wp-json\/wp\/v2\/media\/670"}],"wp:attachment":[{"href":"https:\/\/dagiovanni.hu\/hu\/wp-json\/wp\/v2\/media?parent=263"}],"wp:term":[{"taxonomy":"product_brand","embeddable":true,"href":"https:\/\/dagiovanni.hu\/hu\/wp-json\/wp\/v2\/product_brand?post=263"},{"taxonomy":"product_cat","embeddable":true,"href":"https:\/\/dagiovanni.hu\/hu\/wp-json\/wp\/v2\/product_cat?post=263"},{"taxonomy":"product_tag","embeddable":true,"href":"https:\/\/dagiovanni.hu\/hu\/wp-json\/wp\/v2\/product_tag?post=263"}],"curies":[{"name":"wp","href":"https:\/\/api.w.org\/{rel}","templated":true}]}}