{"id":285,"date":"2023-12-07T12:17:53","date_gmt":"2023-12-07T11:17:53","guid":{"rendered":"https:\/\/dagiovanni.stemma.hu\/?post_type=product&#038;p=285"},"modified":"2025-11-25T11:12:36","modified_gmt":"2025-11-25T10:12:36","slug":"irlandese","status":"publish","type":"product","link":"https:\/\/dagiovanni.hu\/hu\/product\/irlandese\/","title":{"rendered":"Irlandese"},"content":{"rendered":"<p><span class=\"leiras\">paradicsomsz\u00f3sz, bivaly mozzarella, lazac, kokt\u00e9lr\u00e1k<\/span><\/p>\n","protected":false},"excerpt":{"rendered":"<p><span class=\"leiras\">paradicsomsz\u00f3sz, bivaly mozzarella, lazac, kokt\u00e9lr\u00e1k<\/span><\/p>\n","protected":false},"featured_media":683,"template":"","meta":{"inline_featured_image":false},"product_brand":[],"product_cat":[27],"product_tag":[31],"class_list":{"0":"post-285","1":"product","2":"type-product","3":"status-publish","4":"has-post-thumbnail","6":"product_cat-bivaly-mozzarellaval-keszult-pizzak","7":"product_tag-pizza","9":"first","10":"instock","11":"shipping-taxable","12":"purchasable","13":"product-type-simple","14":"customify-col"},"_links":{"self":[{"href":"https:\/\/dagiovanni.hu\/hu\/wp-json\/wp\/v2\/product\/285","targetHints":{"allow":["GET"]}}],"collection":[{"href":"https:\/\/dagiovanni.hu\/hu\/wp-json\/wp\/v2\/product"}],"about":[{"href":"https:\/\/dagiovanni.hu\/hu\/wp-json\/wp\/v2\/types\/product"}],"wp:featuredmedia":[{"embeddable":true,"href":"https:\/\/dagiovanni.hu\/hu\/wp-json\/wp\/v2\/media\/683"}],"wp:attachment":[{"href":"https:\/\/dagiovanni.hu\/hu\/wp-json\/wp\/v2\/media?parent=285"}],"wp:term":[{"taxonomy":"product_brand","embeddable":true,"href":"https:\/\/dagiovanni.hu\/hu\/wp-json\/wp\/v2\/product_brand?post=285"},{"taxonomy":"product_cat","embeddable":true,"href":"https:\/\/dagiovanni.hu\/hu\/wp-json\/wp\/v2\/product_cat?post=285"},{"taxonomy":"product_tag","embeddable":true,"href":"https:\/\/dagiovanni.hu\/hu\/wp-json\/wp\/v2\/product_tag?post=285"}],"curies":[{"name":"wp","href":"https:\/\/api.w.org\/{rel}","templated":true}]}}