{"id":469,"date":"2023-12-07T16:39:49","date_gmt":"2023-12-07T15:39:49","guid":{"rendered":"https:\/\/dagiovanni.stemma.hu\/?page_id=469"},"modified":"2024-03-21T16:00:15","modified_gmt":"2024-03-21T15:00:15","slug":"galeria","status":"publish","type":"page","link":"https:\/\/dagiovanni.hu\/it\/galeria\/","title":{"rendered":"Gal\u00e9ria"},"content":{"rendered":"<div class=\"wpb-content-wrapper\"><p>[vc_row css=&#8221;.vc_custom_1701972663096{margin-bottom: 30px !important;}&#8221;][vc_column][vc_custom_heading text=&#8221;N\u00e9zz k\u00f6r\u00fcl n\u00e1lunk!&#8221; font_container=&#8221;tag:h1|font_size:2.2em|text_align:center|color:%23000000|line_height:1em&#8221; google_fonts=&#8221;font_family:Montserrat%3Aregular%2C700|font_style:700%20bold%20regular%3A700%3Anormal&#8221;][\/vc_column][\/vc_row][vc_row][vc_column][vc_raw_html]JTVCZW52aXJhLWdhbGxlcnklMjBzbHVnJTNEJTIyNDczJTIyJTVE[\/vc_raw_html][\/vc_column][\/vc_row]<\/p>\n<\/div>","protected":false},"excerpt":{"rendered":"<p>[vc_row css=&#8221;.vc_custom_1701972663096{margin-bottom: 30px !important;}&#8221;][vc_column][vc_custom_heading text=&#8221;N\u00e9zz k\u00f6r\u00fcl n\u00e1lunk!&#8221; font_container=&#8221;tag:h1|font_size:2.2em|text_align:center|color:%23000000|line_height:1em&#8221; google_fonts=&#8221;font_family:Montserrat%3Aregular%2C700|font_style:700%20bold%20regular%3A700%3Anormal&#8221;][\/vc_column][\/vc_row][vc_row][vc_column][vc_raw_html]JTVCZW52aXJhLWdhbGxlcnklMjBzbHVnJTNEJTIyNDczJTIyJTVE[\/vc_raw_html][\/vc_column][\/vc_row]<\/p>\n","protected":false},"author":1,"featured_media":0,"parent":0,"menu_order":0,"comment_status":"closed","ping_status":"closed","template":"","meta":{"inline_featured_image":false,"footnotes":""},"class_list":["post-469","page","type-page","status-publish","hentry"],"_links":{"self":[{"href":"https:\/\/dagiovanni.hu\/it\/wp-json\/wp\/v2\/pages\/469","targetHints":{"allow":["GET"]}}],"collection":[{"href":"https:\/\/dagiovanni.hu\/it\/wp-json\/wp\/v2\/pages"}],"about":[{"href":"https:\/\/dagiovanni.hu\/it\/wp-json\/wp\/v2\/types\/page"}],"author":[{"embeddable":true,"href":"https:\/\/dagiovanni.hu\/it\/wp-json\/wp\/v2\/users\/1"}],"replies":[{"embeddable":true,"href":"https:\/\/dagiovanni.hu\/it\/wp-json\/wp\/v2\/comments?post=469"}],"version-history":[{"count":6,"href":"https:\/\/dagiovanni.hu\/it\/wp-json\/wp\/v2\/pages\/469\/revisions"}],"predecessor-version":[{"id":626,"href":"https:\/\/dagiovanni.hu\/it\/wp-json\/wp\/v2\/pages\/469\/revisions\/626"}],"wp:attachment":[{"href":"https:\/\/dagiovanni.hu\/it\/wp-json\/wp\/v2\/media?parent=469"}],"curies":[{"name":"wp","href":"https:\/\/api.w.org\/{rel}","templated":true}]}}