{"id":1291,"date":"2026-01-27T13:28:23","date_gmt":"2026-01-27T12:28:23","guid":{"rendered":"https:\/\/dagiovanni.hu\/hu\/product\/\/"},"modified":"2026-01-27T13:29:54","modified_gmt":"2026-01-27T12:29:54","slug":"schiacciate","status":"publish","type":"product","link":"https:\/\/dagiovanni.hu\/it\/product\/schiacciate\/","title":{"rendered":"Schiacciate"},"content":{"rendered":"<div class=\"wpb-content-wrapper\"><p>[vc_row][vc_column][vc_column_text css=&#8221;&#8221; content_en_us=&#8221;JTI4cGl6emElMjBicmVhZCUyOSUwQVBhcm1lc2FuJTIwY2hlZXNlJTJDJTIwYXJ1Z3VsYSUyQyUyMGNoZXJyeSUyMHRvbWF0b2VzJTIwT3B0aW9uYWwlMjB0b3BwaW5ncyUzQSUwQWJyZXNhb2xhJTIwJTdDJTIwcG9yY2hldHRhJTIwJTdDJTIwUGFybWElMjBoYW0lMjAlN0MlMjBzcGVjayUyMCU3QyUyMHBhbmNldHRh&#8221; content_it_it=&#8221;JTI4cGl6emElMjBicmVhZCUyOSUwQXBhcm1pZ2lhbm8lMkMlMjBydWNvbGElMkMlMjBwb21vZG9yaW5pJTIwY29uZGltZW50byUyMGElMjBzY2VsdGElM0ElMEFicmVzYW9sYSUyMCU3QyUyMHBvcmNoZXR0YSUyMCU3QyUyMHByb3NjaXV0dG8lMjBkaSUyMFBhcm1hJTIwJTdDJTIwc3BlY2slMjAlN0MlMjBwYW5jZXR0YQ==&#8221;]<\/p>\n<div>(pizzakeny\u00e9r)<\/div>\n<div>parmez\u00e1n, rukkola, kokt\u00e9lparadicsom v\u00e1laszthat\u00f3 felt\u00e9ttel:<\/div>\n<div>bresaola | porchetta | p\u00e1rmai | speck | panchetta<\/div>\n<p>[\/vc_column_text][\/vc_column][\/vc_row]<\/p>\n<\/div>","protected":false},"excerpt":{"rendered":"<p>(pizza bread)<br \/>\nparmigiano, rucola, pomodorini condimento a scelta:<br \/>\nbresaola | porchetta | prosciutto di Parma | speck | pancetta<\/p>\n","protected":false},"featured_media":118,"template":"","meta":{"inline_featured_image":false},"product_brand":[],"product_cat":[18],"product_tag":[31],"class_list":{"0":"post-1291","1":"product","2":"type-product","3":"status-publish","4":"has-post-thumbnail","6":"product_cat-ujdonsagaink","7":"product_tag-pizza","9":"first","10":"instock","11":"shipping-taxable","12":"purchasable","13":"product-type-simple","14":"customify-col"},"_links":{"self":[{"href":"https:\/\/dagiovanni.hu\/it\/wp-json\/wp\/v2\/product\/1291","targetHints":{"allow":["GET"]}}],"collection":[{"href":"https:\/\/dagiovanni.hu\/it\/wp-json\/wp\/v2\/product"}],"about":[{"href":"https:\/\/dagiovanni.hu\/it\/wp-json\/wp\/v2\/types\/product"}],"wp:featuredmedia":[{"embeddable":true,"href":"https:\/\/dagiovanni.hu\/it\/wp-json\/wp\/v2\/media\/118"}],"wp:attachment":[{"href":"https:\/\/dagiovanni.hu\/it\/wp-json\/wp\/v2\/media?parent=1291"}],"wp:term":[{"taxonomy":"product_brand","embeddable":true,"href":"https:\/\/dagiovanni.hu\/it\/wp-json\/wp\/v2\/product_brand?post=1291"},{"taxonomy":"product_cat","embeddable":true,"href":"https:\/\/dagiovanni.hu\/it\/wp-json\/wp\/v2\/product_cat?post=1291"},{"taxonomy":"product_tag","embeddable":true,"href":"https:\/\/dagiovanni.hu\/it\/wp-json\/wp\/v2\/product_tag?post=1291"}],"curies":[{"name":"wp","href":"https:\/\/api.w.org\/{rel}","templated":true}]}}