{"id":1297,"date":"2026-01-27T13:43:56","date_gmt":"2026-01-27T12:43:56","guid":{"rendered":"https:\/\/dagiovanni.hu\/hu\/product\/\/"},"modified":"2026-01-27T13:45:44","modified_gmt":"2026-01-27T12:45:44","slug":"panzerotti","status":"publish","type":"product","link":"https:\/\/dagiovanni.hu\/it\/product\/panzerotti\/","title":{"rendered":"Panzerotti"},"content":{"rendered":"<div class=\"wpb-content-wrapper\"><p>[vc_row][vc_column][vc_column_text css=&#8221;&#8221; content_en_us=&#8221;b2lsLWZyaWVkJTIwc3R1ZmZlZCUyMHBpenph&#8221; content_it_it=&#8221;cGl6emElMjByaXBpZW5hJTIwZnJpdHRhJTIwbmVsbCUyN29saW8=&#8221;]olajban s\u00fclt t\u00f6lt\u00f6tt pizza[\/vc_column_text][\/vc_column][\/vc_row]<\/p>\n<\/div>","protected":false},"excerpt":{"rendered":"<p>pizza ripiena fritta nell&#8217;olio<\/p>\n","protected":false},"featured_media":118,"template":"","meta":{"inline_featured_image":false},"product_brand":[],"product_cat":[18],"product_tag":[31],"class_list":{"0":"post-1297","1":"product","2":"type-product","3":"status-publish","4":"has-post-thumbnail","6":"product_cat-ujdonsagaink","7":"product_tag-pizza","9":"first","10":"instock","11":"shipping-taxable","12":"purchasable","13":"product-type-simple","14":"customify-col"},"_links":{"self":[{"href":"https:\/\/dagiovanni.hu\/it\/wp-json\/wp\/v2\/product\/1297","targetHints":{"allow":["GET"]}}],"collection":[{"href":"https:\/\/dagiovanni.hu\/it\/wp-json\/wp\/v2\/product"}],"about":[{"href":"https:\/\/dagiovanni.hu\/it\/wp-json\/wp\/v2\/types\/product"}],"wp:featuredmedia":[{"embeddable":true,"href":"https:\/\/dagiovanni.hu\/it\/wp-json\/wp\/v2\/media\/118"}],"wp:attachment":[{"href":"https:\/\/dagiovanni.hu\/it\/wp-json\/wp\/v2\/media?parent=1297"}],"wp:term":[{"taxonomy":"product_brand","embeddable":true,"href":"https:\/\/dagiovanni.hu\/it\/wp-json\/wp\/v2\/product_brand?post=1297"},{"taxonomy":"product_cat","embeddable":true,"href":"https:\/\/dagiovanni.hu\/it\/wp-json\/wp\/v2\/product_cat?post=1297"},{"taxonomy":"product_tag","embeddable":true,"href":"https:\/\/dagiovanni.hu\/it\/wp-json\/wp\/v2\/product_tag?post=1297"}],"curies":[{"name":"wp","href":"https:\/\/api.w.org\/{rel}","templated":true}]}}