{"id":1351,"date":"2026-04-09T17:47:16","date_gmt":"2026-04-09T15:47:16","guid":{"rendered":"https:\/\/dagiovanni.hu\/hu\/product\/\/"},"modified":"2026-04-09T17:48:29","modified_gmt":"2026-04-09T15:48:29","slug":"aglio-peperoncino","status":"publish","type":"product","link":"https:\/\/dagiovanni.hu\/it\/product\/aglio-peperoncino\/","title":{"rendered":"Aglio peperoncino"},"content":{"rendered":"<div class=\"wpb-content-wrapper\"><p>[vc_row][vc_column][vc_column_text css=&#8221;&#8221; content_en_us=&#8221;c3BpY3klMjAtJTIwZ2FybGljJTJDJTIwY2hpbGklMkMlMjBwYXJzbGV5JTJDJTIwc3BpY2VzJTJDJTIwb2xpdmUlMjBvaWw=&#8221; content_it_it=&#8221;cGljY2FudGUlMjAtJTIwYWdsaW8lMkMlMjBwZXBlcm9uY2lubyUyQyUyMHByZXp6ZW1vbG8lMkMlMjBzcGV6aWUlMkMlMjBvbGlvJTIwZCUyN29saXZh&#8221;]cs\u00edp\u0151s &#8211; fokhagyma, chili, petrezselyem, f\u0171szerek, ol\u00edvaolaj[\/vc_column_text][\/vc_column][\/vc_row]<\/p>\n<\/div>","protected":false},"excerpt":{"rendered":"<p>piccante &#8211; aglio, peperoncino, prezzemolo, spezie, olio d&#8217;oliva<\/p>\n","protected":false},"featured_media":1349,"template":"","meta":{"inline_featured_image":false},"product_brand":[],"product_cat":[52],"product_tag":[53],"class_list":{"0":"post-1351","1":"product","2":"type-product","3":"status-publish","4":"has-post-thumbnail","6":"product_cat-tesztak","7":"product_tag-pasta","9":"first","10":"instock","11":"shipping-taxable","12":"purchasable","13":"product-type-simple","14":"customify-col"},"_links":{"self":[{"href":"https:\/\/dagiovanni.hu\/it\/wp-json\/wp\/v2\/product\/1351","targetHints":{"allow":["GET"]}}],"collection":[{"href":"https:\/\/dagiovanni.hu\/it\/wp-json\/wp\/v2\/product"}],"about":[{"href":"https:\/\/dagiovanni.hu\/it\/wp-json\/wp\/v2\/types\/product"}],"wp:featuredmedia":[{"embeddable":true,"href":"https:\/\/dagiovanni.hu\/it\/wp-json\/wp\/v2\/media\/1349"}],"wp:attachment":[{"href":"https:\/\/dagiovanni.hu\/it\/wp-json\/wp\/v2\/media?parent=1351"}],"wp:term":[{"taxonomy":"product_brand","embeddable":true,"href":"https:\/\/dagiovanni.hu\/it\/wp-json\/wp\/v2\/product_brand?post=1351"},{"taxonomy":"product_cat","embeddable":true,"href":"https:\/\/dagiovanni.hu\/it\/wp-json\/wp\/v2\/product_cat?post=1351"},{"taxonomy":"product_tag","embeddable":true,"href":"https:\/\/dagiovanni.hu\/it\/wp-json\/wp\/v2\/product_tag?post=1351"}],"curies":[{"name":"wp","href":"https:\/\/api.w.org\/{rel}","templated":true}]}}