{"id":1354,"date":"2026-04-09T17:54:23","date_gmt":"2026-04-09T15:54:23","guid":{"rendered":"https:\/\/dagiovanni.hu\/hu\/product\/\/"},"modified":"2026-04-09T17:56:20","modified_gmt":"2026-04-09T15:56:20","slug":"carbonara-2","status":"publish","type":"product","link":"https:\/\/dagiovanni.hu\/it\/product\/carbonara-2\/","title":{"rendered":"Carbonara"},"content":{"rendered":"<div class=\"wpb-content-wrapper\"><p>[vc_row][vc_column][vc_column_text css=&#8221;&#8221; content_en_us=&#8221;cG9yayUyMGpvd2wlMjAlMjhndWFuY2lhbGUlMjklMkMlMjBlZ2clMjB5b2xrJTJDJTIwUGFybWVzYW4lMjBjaGVlc2UlMkMlMjBzcGljZXMlMjAlMjhjcmVhbSUyQyUyMGlmJTIwZGVzaXJlZCUyOQ==&#8221; content_it_it=&#8221;Z3VhbmNpYWxlJTJDJTIwdHVvcmxvJTIwZCUyN3Vvdm8lMkMlMjBwYXJtaWdpYW5vJTJDJTIwc3BlemllJTIwJTI4cGFubmElMjBhJTIwcGlhY2VyZSUyOQ==&#8221;]tokaszalonna (guanciale), toj\u00e1ss\u00e1rg\u00e1ja, parmez\u00e1n, f\u0171szerek (ig\u00e9ny szerint tejsz\u00edn)[\/vc_column_text][\/vc_column][\/vc_row]<\/p>\n<\/div>","protected":false},"excerpt":{"rendered":"<p>guanciale, tuorlo d&#8217;uovo, parmigiano, spezie (panna a piacere)<\/p>\n","protected":false},"featured_media":1349,"template":"","meta":{"inline_featured_image":false},"product_brand":[],"product_cat":[52],"product_tag":[53],"class_list":{"0":"post-1354","1":"product","2":"type-product","3":"status-publish","4":"has-post-thumbnail","6":"product_cat-tesztak","7":"product_tag-pasta","9":"first","10":"instock","11":"shipping-taxable","12":"purchasable","13":"product-type-simple","14":"customify-col"},"_links":{"self":[{"href":"https:\/\/dagiovanni.hu\/it\/wp-json\/wp\/v2\/product\/1354","targetHints":{"allow":["GET"]}}],"collection":[{"href":"https:\/\/dagiovanni.hu\/it\/wp-json\/wp\/v2\/product"}],"about":[{"href":"https:\/\/dagiovanni.hu\/it\/wp-json\/wp\/v2\/types\/product"}],"wp:featuredmedia":[{"embeddable":true,"href":"https:\/\/dagiovanni.hu\/it\/wp-json\/wp\/v2\/media\/1349"}],"wp:attachment":[{"href":"https:\/\/dagiovanni.hu\/it\/wp-json\/wp\/v2\/media?parent=1354"}],"wp:term":[{"taxonomy":"product_brand","embeddable":true,"href":"https:\/\/dagiovanni.hu\/it\/wp-json\/wp\/v2\/product_brand?post=1354"},{"taxonomy":"product_cat","embeddable":true,"href":"https:\/\/dagiovanni.hu\/it\/wp-json\/wp\/v2\/product_cat?post=1354"},{"taxonomy":"product_tag","embeddable":true,"href":"https:\/\/dagiovanni.hu\/it\/wp-json\/wp\/v2\/product_tag?post=1354"}],"curies":[{"name":"wp","href":"https:\/\/api.w.org\/{rel}","templated":true}]}}