{"id":1355,"date":"2026-04-09T17:57:57","date_gmt":"2026-04-09T15:57:57","guid":{"rendered":"https:\/\/dagiovanni.hu\/hu\/product\/\/"},"modified":"2026-04-09T17:59:26","modified_gmt":"2026-04-09T15:59:26","slug":"amatriciana","status":"publish","type":"product","link":"https:\/\/dagiovanni.hu\/it\/product\/amatriciana\/","title":{"rendered":"Amatriciana"},"content":{"rendered":"<div class=\"wpb-content-wrapper\"><p>[vc_row][vc_column][vc_column_text css=&#8221;&#8221; content_en_us=&#8221;cG9yayUyMGpvd2wlMjAlMjhndWFuY2lhbGUlMjklMkMlMjB3aGl0ZSUyMHdpbmUlMkMlMjBjaGlsaSUyQyUyMHRvbWF0byUyMHNhdWNlJTJDJTIwUGFybWVzYW4lMkMlMjBzcGljZXMlMkMlMjBvbGl2ZSUyMG9pbA==&#8221; content_it_it=&#8221;Z3VhbmNpYWxlJTJDJTIwdmlubyUyMGJpYW5jbyUyQyUyMHBlcGVyb25jaW5vJTJDJTIwc2Fsc2ElMjBkaSUyMHBvbW9kb3JvJTJDJTIwcGFybWlnaWFubyUyQyUyMHNwZXppZSUyQyUyMG9saW8lMjBkJTI3b2xpdmE=&#8221;]tokaszalonna (guanciale), feh\u00e9rbor, chili, paradicsomsz\u00f3sz, parmez\u00e1n, f\u0171szerek, ol\u00edvaolaj[\/vc_column_text][\/vc_column][\/vc_row]<\/p>\n<\/div>","protected":false},"excerpt":{"rendered":"<p>guanciale, vino bianco, peperoncino, salsa di pomodoro, parmigiano, spezie, olio d&#8217;oliva<\/p>\n","protected":false},"featured_media":1349,"template":"","meta":{"inline_featured_image":false},"product_brand":[],"product_cat":[52],"product_tag":[53],"class_list":{"0":"post-1355","1":"product","2":"type-product","3":"status-publish","4":"has-post-thumbnail","6":"product_cat-tesztak","7":"product_tag-pasta","9":"first","10":"instock","11":"shipping-taxable","12":"purchasable","13":"product-type-simple","14":"customify-col"},"_links":{"self":[{"href":"https:\/\/dagiovanni.hu\/it\/wp-json\/wp\/v2\/product\/1355","targetHints":{"allow":["GET"]}}],"collection":[{"href":"https:\/\/dagiovanni.hu\/it\/wp-json\/wp\/v2\/product"}],"about":[{"href":"https:\/\/dagiovanni.hu\/it\/wp-json\/wp\/v2\/types\/product"}],"wp:featuredmedia":[{"embeddable":true,"href":"https:\/\/dagiovanni.hu\/it\/wp-json\/wp\/v2\/media\/1349"}],"wp:attachment":[{"href":"https:\/\/dagiovanni.hu\/it\/wp-json\/wp\/v2\/media?parent=1355"}],"wp:term":[{"taxonomy":"product_brand","embeddable":true,"href":"https:\/\/dagiovanni.hu\/it\/wp-json\/wp\/v2\/product_brand?post=1355"},{"taxonomy":"product_cat","embeddable":true,"href":"https:\/\/dagiovanni.hu\/it\/wp-json\/wp\/v2\/product_cat?post=1355"},{"taxonomy":"product_tag","embeddable":true,"href":"https:\/\/dagiovanni.hu\/it\/wp-json\/wp\/v2\/product_tag?post=1355"}],"curies":[{"name":"wp","href":"https:\/\/api.w.org\/{rel}","templated":true}]}}