{"id":1358,"date":"2026-04-09T18:05:03","date_gmt":"2026-04-09T16:05:03","guid":{"rendered":"https:\/\/dagiovanni.hu\/hu\/product\/\/"},"modified":"2026-04-09T18:06:22","modified_gmt":"2026-04-09T16:06:22","slug":"pollo-2","status":"publish","type":"product","link":"https:\/\/dagiovanni.hu\/it\/product\/pollo-2\/","title":{"rendered":"Pollo"},"content":{"rendered":"<div class=\"wpb-content-wrapper\"><p>[vc_row][vc_column][vc_column_text css=&#8221;&#8221; content_en_us=&#8221;b25pb24lMkMlMjBnYXJsaWMlMkMlMjBjaGlja2VuJTIwYnJlYXN0JTJDJTIwc3BpbmFjaCUyQyUyMGNyZWFtJTJDJTIwUGFybWVzYW4lMjBjaGVlc2UlMkMlMjBzcGljZXM=&#8221; content_it_it=&#8221;Y2lwb2xsYSUyQyUyMGFnbGlvJTJDJTIwcGV0dG8lMjBkaSUyMHBvbGxvJTJDJTIwc3BpbmFjaSUyQyUyMHBhbm5hJTJDJTIwcGFybWlnaWFubyUyQyUyMHNwZXppZQ==&#8221;]hagyma, fokhagyma, csirkemell, spen\u00f3t, tejsz\u00edn, parmez\u00e1n, f\u0171szerek[\/vc_column_text][\/vc_column][\/vc_row]<\/p>\n<\/div>","protected":false},"excerpt":{"rendered":"<p>cipolla, aglio, petto di pollo, spinaci, panna, parmigiano, spezie<\/p>\n","protected":false},"featured_media":1349,"template":"","meta":{"inline_featured_image":false},"product_brand":[],"product_cat":[52],"product_tag":[53],"class_list":{"0":"post-1358","1":"product","2":"type-product","3":"status-publish","4":"has-post-thumbnail","6":"product_cat-tesztak","7":"product_tag-pasta","9":"first","10":"instock","11":"shipping-taxable","12":"purchasable","13":"product-type-simple","14":"customify-col"},"_links":{"self":[{"href":"https:\/\/dagiovanni.hu\/it\/wp-json\/wp\/v2\/product\/1358","targetHints":{"allow":["GET"]}}],"collection":[{"href":"https:\/\/dagiovanni.hu\/it\/wp-json\/wp\/v2\/product"}],"about":[{"href":"https:\/\/dagiovanni.hu\/it\/wp-json\/wp\/v2\/types\/product"}],"wp:featuredmedia":[{"embeddable":true,"href":"https:\/\/dagiovanni.hu\/it\/wp-json\/wp\/v2\/media\/1349"}],"wp:attachment":[{"href":"https:\/\/dagiovanni.hu\/it\/wp-json\/wp\/v2\/media?parent=1358"}],"wp:term":[{"taxonomy":"product_brand","embeddable":true,"href":"https:\/\/dagiovanni.hu\/it\/wp-json\/wp\/v2\/product_brand?post=1358"},{"taxonomy":"product_cat","embeddable":true,"href":"https:\/\/dagiovanni.hu\/it\/wp-json\/wp\/v2\/product_cat?post=1358"},{"taxonomy":"product_tag","embeddable":true,"href":"https:\/\/dagiovanni.hu\/it\/wp-json\/wp\/v2\/product_tag?post=1358"}],"curies":[{"name":"wp","href":"https:\/\/api.w.org\/{rel}","templated":true}]}}