{"id":1359,"date":"2026-04-09T18:06:38","date_gmt":"2026-04-09T16:06:38","guid":{"rendered":"https:\/\/dagiovanni.hu\/hu\/product\/\/"},"modified":"2026-04-09T18:07:49","modified_gmt":"2026-04-09T16:07:49","slug":"salsiccia","status":"publish","type":"product","link":"https:\/\/dagiovanni.hu\/it\/product\/salsiccia\/","title":{"rendered":"Salsiccia"},"content":{"rendered":"<div class=\"wpb-content-wrapper\"><p>[vc_row][vc_column][vc_column_text css=&#8221;&#8221; content_en_us=&#8221;dG9tYXRvJTIwc2F1Y2UlMkMlMjBvbmlvbiUyQyUyMGdhcmxpYyUyQyUyMHNhbHNpY2NpYSUyQyUyMGdvcmdvbnpvbGElMkMlMjBQYXJtZXNhbiUyQyUyMHNwaWNlcw==&#8221; content_it_it=&#8221;c2Fsc2ElMjBkaSUyMHBvbW9kb3JvJTJDJTIwY2lwb2xsYSUyQyUyMGFnbGlvJTJDJTIwc2Fsc2ljY2lhJTJDJTIwZ29yZ29uem9sYSUyQyUyMHBhcm1pZ2lhbm8lMkMlMjBzcGV6aWU=&#8221;]paradicsomsz\u00f3sz, hagyma, fokhagyma, salsiccia, gorgonzola, parmez\u00e1n, f\u0171szerek[\/vc_column_text][\/vc_column][\/vc_row]<\/p>\n<\/div>","protected":false},"excerpt":{"rendered":"<p>salsa di pomodoro, cipolla, aglio, salsiccia, gorgonzola, parmigiano, spezie<\/p>\n","protected":false},"featured_media":1349,"template":"","meta":{"inline_featured_image":false},"product_brand":[],"product_cat":[52],"product_tag":[53],"class_list":{"0":"post-1359","1":"product","2":"type-product","3":"status-publish","4":"has-post-thumbnail","6":"product_cat-tesztak","7":"product_tag-pasta","9":"first","10":"instock","11":"shipping-taxable","12":"purchasable","13":"product-type-simple","14":"customify-col"},"_links":{"self":[{"href":"https:\/\/dagiovanni.hu\/it\/wp-json\/wp\/v2\/product\/1359","targetHints":{"allow":["GET"]}}],"collection":[{"href":"https:\/\/dagiovanni.hu\/it\/wp-json\/wp\/v2\/product"}],"about":[{"href":"https:\/\/dagiovanni.hu\/it\/wp-json\/wp\/v2\/types\/product"}],"wp:featuredmedia":[{"embeddable":true,"href":"https:\/\/dagiovanni.hu\/it\/wp-json\/wp\/v2\/media\/1349"}],"wp:attachment":[{"href":"https:\/\/dagiovanni.hu\/it\/wp-json\/wp\/v2\/media?parent=1359"}],"wp:term":[{"taxonomy":"product_brand","embeddable":true,"href":"https:\/\/dagiovanni.hu\/it\/wp-json\/wp\/v2\/product_brand?post=1359"},{"taxonomy":"product_cat","embeddable":true,"href":"https:\/\/dagiovanni.hu\/it\/wp-json\/wp\/v2\/product_cat?post=1359"},{"taxonomy":"product_tag","embeddable":true,"href":"https:\/\/dagiovanni.hu\/it\/wp-json\/wp\/v2\/product_tag?post=1359"}],"curies":[{"name":"wp","href":"https:\/\/api.w.org\/{rel}","templated":true}]}}