{"id":1360,"date":"2026-04-09T18:08:02","date_gmt":"2026-04-09T16:08:02","guid":{"rendered":"https:\/\/dagiovanni.hu\/hu\/product\/\/"},"modified":"2026-04-09T18:09:19","modified_gmt":"2026-04-09T16:09:19","slug":"da-giovanni","status":"publish","type":"product","link":"https:\/\/dagiovanni.hu\/it\/product\/da-giovanni\/","title":{"rendered":"Da Giovanni"},"content":{"rendered":"<div class=\"wpb-content-wrapper\"><p>[vc_row][vc_column][vc_column_text css=&#8221;&#8221; content_en_us=&#8221;b25pb25zJTJDJTIwbWFyaW5hdGVkJTIwYmVlZiUyQyUyMHBvcmNpbmklMjBtdXNocm9vbXMlMkMlMjB0b21hdG8lMjBzYXVjZSUyMHdpdGglMjBjcmVhbSUyQyUyMHJlZCUyMHdpbmUlMkMlMjBQYXJtZXNhbg==&#8221; content_it_it=&#8221;Y2lwb2xsYSUyQyUyMG1hbnpvJTIwbWFyaW5hdG8lMkMlMjBmdW5naGklMjBwb3JjaW5pJTJDJTIwc2Fsc2ElMjBkaSUyMHBvbW9kb3JvJTIwYWxsYSUyMHBhbm5hJTJDJTIwdmlubyUyMHJvc3NvJTJDJTIwcGFybWlnaWFubw==&#8221;]hagyma, p\u00e1colt marhah\u00fas, varg\u00e1nya gomba, tejsz\u00ednes paradicsomsz\u00f3sz v\u00f6r\u00f6sbor, parmez\u00e1n[\/vc_column_text][\/vc_column][\/vc_row]<\/p>\n<\/div>","protected":false},"excerpt":{"rendered":"<p>cipolla, manzo marinato, funghi porcini, salsa di pomodoro alla panna, vino rosso, parmigiano<\/p>\n","protected":false},"featured_media":1349,"template":"","meta":{"inline_featured_image":false},"product_brand":[],"product_cat":[52],"product_tag":[53],"class_list":{"0":"post-1360","1":"product","2":"type-product","3":"status-publish","4":"has-post-thumbnail","6":"product_cat-tesztak","7":"product_tag-pasta","9":"first","10":"instock","11":"shipping-taxable","12":"purchasable","13":"product-type-simple","14":"customify-col"},"_links":{"self":[{"href":"https:\/\/dagiovanni.hu\/it\/wp-json\/wp\/v2\/product\/1360","targetHints":{"allow":["GET"]}}],"collection":[{"href":"https:\/\/dagiovanni.hu\/it\/wp-json\/wp\/v2\/product"}],"about":[{"href":"https:\/\/dagiovanni.hu\/it\/wp-json\/wp\/v2\/types\/product"}],"wp:featuredmedia":[{"embeddable":true,"href":"https:\/\/dagiovanni.hu\/it\/wp-json\/wp\/v2\/media\/1349"}],"wp:attachment":[{"href":"https:\/\/dagiovanni.hu\/it\/wp-json\/wp\/v2\/media?parent=1360"}],"wp:term":[{"taxonomy":"product_brand","embeddable":true,"href":"https:\/\/dagiovanni.hu\/it\/wp-json\/wp\/v2\/product_brand?post=1360"},{"taxonomy":"product_cat","embeddable":true,"href":"https:\/\/dagiovanni.hu\/it\/wp-json\/wp\/v2\/product_cat?post=1360"},{"taxonomy":"product_tag","embeddable":true,"href":"https:\/\/dagiovanni.hu\/it\/wp-json\/wp\/v2\/product_tag?post=1360"}],"curies":[{"name":"wp","href":"https:\/\/api.w.org\/{rel}","templated":true}]}}